{"id":12757,"date":"2025-06-17T07:10:37","date_gmt":"2025-06-17T07:10:37","guid":{"rendered":"https:\/\/dirigocoating.pl\/produkt\/percotop-2k-high-performance-wash-primer-cs304-2\/"},"modified":"2025-09-15T08:03:33","modified_gmt":"2025-09-15T08:03:33","slug":"percotop-2k-high-performance-wash-primer-cs304-2","status":"publish","type":"product","link":"https:\/\/dirigocoating.pl\/fr\/produit\/percotop-2k-high-performance-wash-primer-cs304-2\/","title":{"rendered":"PercoTop 2K High Performance Wash Primer CS304"},"content":{"rendered":"<p>PercoTop\u00ae CS304 est un appr\u00eat bicomposant 2K haute performance sans chrome, contenant de l\u2019acide, en tant que promoteur d\u2019adh\u00e9rence \u00e0 base de r\u00e9sine polyvinylbutyral (PVB).<br \/>\nIl assure une excellente adh\u00e9rence et une protection anticorrosion sur les substrats m\u00e9talliques, en particulier sur l\u2019aluminium et l\u2019acier inoxydable.<\/p>\n<p><a class=\"wgl-button btn-size-sm \" role=\"button\" href=\"https:\/\/dirigocoating.pl\/wp-content\/uploads\/2025\/07\/EN-CS304-High-Performance-2K-Wash-Primer.pdf\">TDS<\/a><\/p>\n","protected":false},"excerpt":{"rendered":"<p><span>Appr\u00eat \u00e0 base de r\u00e9sine vinyle-butyrale.<\/span><br \/>\n<span>Il assure une excellente adh\u00e9rence et une protection contre la corrosion sur les substrats m\u00e9talliques, notamment l\u2019aluminium et l\u2019acier inoxydable.<\/span><\/p>\n","protected":false},"featured_media":10406,"template":"","meta":[],"product_brand":[],"product_cat":[429],"product_tag":[491,469],"class_list":{"0":"post-12757","1":"product","2":"type-product","3":"status-publish","4":"has-post-thumbnail","6":"product_cat-vehicules-utilitaires-fr","7":"product_tag-cv-primer-fr","8":"product_tag-peinture-dappret","10":"first","11":"instock","12":"shipping-taxable","13":"product-type-simple"},"_links":{"self":[{"href":"https:\/\/dirigocoating.pl\/fr\/wp-json\/wp\/v2\/product\/12757"}],"collection":[{"href":"https:\/\/dirigocoating.pl\/fr\/wp-json\/wp\/v2\/product"}],"about":[{"href":"https:\/\/dirigocoating.pl\/fr\/wp-json\/wp\/v2\/types\/product"}],"wp:featuredmedia":[{"embeddable":true,"href":"https:\/\/dirigocoating.pl\/fr\/wp-json\/wp\/v2\/media\/10406"}],"wp:attachment":[{"href":"https:\/\/dirigocoating.pl\/fr\/wp-json\/wp\/v2\/media?parent=12757"}],"wp:term":[{"taxonomy":"product_brand","embeddable":true,"href":"https:\/\/dirigocoating.pl\/fr\/wp-json\/wp\/v2\/product_brand?post=12757"},{"taxonomy":"product_cat","embeddable":true,"href":"https:\/\/dirigocoating.pl\/fr\/wp-json\/wp\/v2\/product_cat?post=12757"},{"taxonomy":"product_tag","embeddable":true,"href":"https:\/\/dirigocoating.pl\/fr\/wp-json\/wp\/v2\/product_tag?post=12757"}],"curies":[{"name":"wp","href":"https:\/\/api.w.org\/{rel}","templated":true}]}}