{"id":12760,"date":"2025-06-17T07:17:04","date_gmt":"2025-06-17T07:17:04","guid":{"rendered":"https:\/\/dirigocoating.pl\/produkt\/percotop-2k-chromate-free-wash-primer-cs305-2\/"},"modified":"2025-09-15T08:12:24","modified_gmt":"2025-09-15T08:12:24","slug":"percotop-2k-chromate-free-wash-primer-cs305-2","status":"publish","type":"product","link":"https:\/\/dirigocoating.pl\/fr\/produit\/percotop-2k-chromate-free-wash-primer-cs305-2\/","title":{"rendered":"PercoTop 2K Chromate-Free Wash Primer CS305"},"content":{"rendered":"<p><strong>Propri\u00e9t\u00e9s :<\/strong><\/p>\n<ul>\n<li>PercoTop\u00ae CS305 est un appr\u00eat bicomposant 2K sans chrome, contenant de l\u2019acide, en tant que promoteur d\u2019adh\u00e9rence \u00e0 base de r\u00e9sine polyvinylbutyral (PVB).<\/li>\n<li>Il assure une excellente adh\u00e9rence et une protection anticorrosion sur les substrats m\u00e9talliques, en particulier l\u2019aluminium et l\u2019acier inoxydable.<\/li>\n<\/ul>\n<p><a class=\"wgl-button btn-size-sm \" role=\"button\" href=\"https:\/\/dirigocoating.pl\/wp-content\/uploads\/2025\/07\/EN-CS305.pdf\">TDS<\/a><\/p>\n","protected":false},"excerpt":{"rendered":"<p><span>Appr\u00eat bicomposant sans chrome \u00e0 mordancer \u00e0 base de r\u00e9sine polyvinylbutyral, con\u00e7u pour une forte protection anticorrosion. La formulation assure une excellente adh\u00e9rence m\u00eame sur des substrats difficiles comme l\u2019acier inoxydable. Con\u00e7u pour un bon contr\u00f4le du processus ainsi que pour r\u00e9pondre aux futures exigences l\u00e9gislatives. Offre une bonne couverture et une application facile avec un \u00e9paisseur de couche contr\u00f4l\u00e9e.   <\/span><\/p>\n","protected":false},"featured_media":10396,"template":"","meta":[],"product_brand":[],"product_cat":[429],"product_tag":[491,469],"class_list":{"0":"post-12760","1":"product","2":"type-product","3":"status-publish","4":"has-post-thumbnail","6":"product_cat-vehicules-utilitaires-fr","7":"product_tag-cv-primer-fr","8":"product_tag-peinture-dappret","10":"first","11":"instock","12":"shipping-taxable","13":"product-type-simple"},"_links":{"self":[{"href":"https:\/\/dirigocoating.pl\/fr\/wp-json\/wp\/v2\/product\/12760"}],"collection":[{"href":"https:\/\/dirigocoating.pl\/fr\/wp-json\/wp\/v2\/product"}],"about":[{"href":"https:\/\/dirigocoating.pl\/fr\/wp-json\/wp\/v2\/types\/product"}],"wp:featuredmedia":[{"embeddable":true,"href":"https:\/\/dirigocoating.pl\/fr\/wp-json\/wp\/v2\/media\/10396"}],"wp:attachment":[{"href":"https:\/\/dirigocoating.pl\/fr\/wp-json\/wp\/v2\/media?parent=12760"}],"wp:term":[{"taxonomy":"product_brand","embeddable":true,"href":"https:\/\/dirigocoating.pl\/fr\/wp-json\/wp\/v2\/product_brand?post=12760"},{"taxonomy":"product_cat","embeddable":true,"href":"https:\/\/dirigocoating.pl\/fr\/wp-json\/wp\/v2\/product_cat?post=12760"},{"taxonomy":"product_tag","embeddable":true,"href":"https:\/\/dirigocoating.pl\/fr\/wp-json\/wp\/v2\/product_tag?post=12760"}],"curies":[{"name":"wp","href":"https:\/\/api.w.org\/{rel}","templated":true}]}}