{"id":12761,"date":"2025-06-17T07:20:00","date_gmt":"2025-06-17T07:20:00","guid":{"rendered":"https:\/\/dirigocoating.pl\/produkt\/percotop-2k-chromate-free-wash-primer-cs306-2\/"},"modified":"2025-06-17T07:20:00","modified_gmt":"2025-06-17T07:20:00","slug":"percotop-2k-chromate-free-wash-primer-cs306-2","status":"publish","type":"product","link":"https:\/\/dirigocoating.pl\/fr\/produit\/percotop-2k-chromate-free-wash-primer-cs306-2\/","title":{"rendered":"PercoTop 2K Chromate-Free Wash Primer CS306"},"content":{"rendered":"<p><span>Excellente adh\u00e9rence et protection contre la corrosion. Gr\u00e2ce \u00e0 sa teneur en acide, il est particuli\u00e8rement efficace sur les substrats m\u00e9talliques, notamment l\u2019aluminium et l\u2019acier inoxydable. <\/span><\/p>\n<p><a class=\"wgl-button btn-size-sm \" role=\"button\" href=\"https:\/\/dirigocoating.pl\/wp-content\/uploads\/2025\/07\/EN-CS306-Cr6-free-2K-Wash-Primer-180823-1.pdf\">TDS<\/a><\/p>\n","protected":false},"excerpt":{"rendered":"<p><span>Appr\u00eat bicomposant sans chrome \u00e0 mordancer \u00e0 base de r\u00e9sine polyvinylbutyral. <\/span><\/p>\n","protected":false},"featured_media":10390,"template":"","meta":[],"product_brand":[],"product_cat":[429],"product_tag":[491,469],"class_list":{"0":"post-12761","1":"product","2":"type-product","3":"status-publish","4":"has-post-thumbnail","6":"product_cat-vehicules-utilitaires-fr","7":"product_tag-cv-primer-fr","8":"product_tag-peinture-dappret","10":"first","11":"instock","12":"shipping-taxable","13":"product-type-simple"},"_links":{"self":[{"href":"https:\/\/dirigocoating.pl\/fr\/wp-json\/wp\/v2\/product\/12761"}],"collection":[{"href":"https:\/\/dirigocoating.pl\/fr\/wp-json\/wp\/v2\/product"}],"about":[{"href":"https:\/\/dirigocoating.pl\/fr\/wp-json\/wp\/v2\/types\/product"}],"wp:featuredmedia":[{"embeddable":true,"href":"https:\/\/dirigocoating.pl\/fr\/wp-json\/wp\/v2\/media\/10390"}],"wp:attachment":[{"href":"https:\/\/dirigocoating.pl\/fr\/wp-json\/wp\/v2\/media?parent=12761"}],"wp:term":[{"taxonomy":"product_brand","embeddable":true,"href":"https:\/\/dirigocoating.pl\/fr\/wp-json\/wp\/v2\/product_brand?post=12761"},{"taxonomy":"product_cat","embeddable":true,"href":"https:\/\/dirigocoating.pl\/fr\/wp-json\/wp\/v2\/product_cat?post=12761"},{"taxonomy":"product_tag","embeddable":true,"href":"https:\/\/dirigocoating.pl\/fr\/wp-json\/wp\/v2\/product_tag?post=12761"}],"curies":[{"name":"wp","href":"https:\/\/api.w.org\/{rel}","templated":true}]}}