{"id":12765,"date":"2025-06-17T07:25:25","date_gmt":"2025-06-17T07:25:25","guid":{"rendered":"https:\/\/dirigocoating.pl\/produkt\/percotop-1k-welding-primer-cs314-2\/"},"modified":"2025-06-17T07:25:25","modified_gmt":"2025-06-17T07:25:25","slug":"percotop-1k-welding-primer-cs314-2","status":"publish","type":"product","link":"https:\/\/dirigocoating.pl\/fr\/produit\/percotop-1k-welding-primer-cs314-2\/","title":{"rendered":"PercoTop 1K Welding Primer CS314"},"content":{"rendered":"<p>Appr\u00eat de soudure monocomposant sans chrome, rouge-brun, bas\u00e9 sur la technologie du butyral de polyvinyle, avec de bonnes propri\u00e9t\u00e9s de remplissage.<\/p>\n<p><a class=\"wgl-button btn-size-sm \" role=\"button\" href=\"https:\/\/dirigocoating.pl\/wp-content\/uploads\/2025\/07\/EN-CS314.pdf\">TDS<\/a><\/p>\n","protected":false},"excerpt":{"rendered":"<p>Excellent pour les \u00e9l\u00e9ments de structures en acier n\u00e9cessitant une protection anticorrosion pendant le stockage, avant la construction et le soudage. Cet appr\u00eat est certifi\u00e9 pour le soudage. <\/p>\n","protected":false},"featured_media":10379,"template":"","meta":[],"product_brand":[],"product_cat":[429],"product_tag":[491,469],"class_list":{"0":"post-12765","1":"product","2":"type-product","3":"status-publish","4":"has-post-thumbnail","6":"product_cat-vehicules-utilitaires-fr","7":"product_tag-cv-primer-fr","8":"product_tag-peinture-dappret","10":"first","11":"instock","12":"shipping-taxable","13":"product-type-simple"},"_links":{"self":[{"href":"https:\/\/dirigocoating.pl\/fr\/wp-json\/wp\/v2\/product\/12765"}],"collection":[{"href":"https:\/\/dirigocoating.pl\/fr\/wp-json\/wp\/v2\/product"}],"about":[{"href":"https:\/\/dirigocoating.pl\/fr\/wp-json\/wp\/v2\/types\/product"}],"wp:featuredmedia":[{"embeddable":true,"href":"https:\/\/dirigocoating.pl\/fr\/wp-json\/wp\/v2\/media\/10379"}],"wp:attachment":[{"href":"https:\/\/dirigocoating.pl\/fr\/wp-json\/wp\/v2\/media?parent=12765"}],"wp:term":[{"taxonomy":"product_brand","embeddable":true,"href":"https:\/\/dirigocoating.pl\/fr\/wp-json\/wp\/v2\/product_brand?post=12765"},{"taxonomy":"product_cat","embeddable":true,"href":"https:\/\/dirigocoating.pl\/fr\/wp-json\/wp\/v2\/product_cat?post=12765"},{"taxonomy":"product_tag","embeddable":true,"href":"https:\/\/dirigocoating.pl\/fr\/wp-json\/wp\/v2\/product_tag?post=12765"}],"curies":[{"name":"wp","href":"https:\/\/api.w.org\/{rel}","templated":true}]}}