{"id":12793,"date":"2025-06-16T09:29:42","date_gmt":"2025-06-16T09:29:42","guid":{"rendered":"https:\/\/dirigocoating.pl\/produkt\/percotop-2k-ms-clearcoat-cs802-2\/"},"modified":"2025-06-16T09:29:42","modified_gmt":"2025-06-16T09:29:42","slug":"percotop-2k-ms-clearcoat-cs802-2","status":"publish","type":"product","link":"https:\/\/dirigocoating.pl\/fr\/produit\/percotop-2k-ms-clearcoat-cs802-2\/","title":{"rendered":"PercoTop 2K MS Clearcoat CS802"},"content":{"rendered":"<p data-start=\"0\" data-end=\"7\"><strong>Propri\u00e9t\u00e9s<\/strong><\/p>\n<ul data-start=\"8\" data-end=\"194\" data-is-last-node=\"\" data-is-only-node=\"\">\n<li data-start=\"8\" data-end=\"132\">\n<p data-start=\"10\" data-end=\"132\">PercoTop\u00ae CS802 2K MS Clearcoat est un vernis transparent bi-composant avec une teneur moyenne en solides, \u00e0 base de r\u00e9sines acryliques.<\/p>\n<\/li>\n<li data-start=\"133\" data-end=\"194\" data-is-last-node=\"\">\n<p data-start=\"135\" data-end=\"194\" data-is-last-node=\"\">Assure une excellente fluidit\u00e9 et finition, et s\u00e8che rapidement.<\/p>\n<\/li>\n<\/ul>\n<p><a class=\"wgl-button btn-size-sm \" role=\"button\" href=\"https:\/\/dirigocoating.pl\/wp-content\/uploads\/2025\/07\/EN-CS802.pdf\">TDS<\/a><\/p>\n","protected":false},"excerpt":{"rendered":"<p>2K <span> Peinture transparente \u00e0 base de r\u00e9sine acrylique, avec une teneur moyenne en solides. Elle offre d\u2019excellentes propri\u00e9t\u00e9s de fluidit\u00e9, un s\u00e9chage rapide et une finition parfaite. <\/span><\/p>\n","protected":false},"featured_media":10571,"template":"","meta":[],"product_brand":[],"product_cat":[429],"product_tag":[494,455],"class_list":{"0":"post-12793","1":"product","2":"type-product","3":"status-publish","4":"has-post-thumbnail","6":"product_cat-vehicules-utilitaires-fr","7":"product_tag-cv-clearcoat-fr","8":"product_tag-vernis-transparents","10":"first","11":"instock","12":"shipping-taxable","13":"product-type-simple"},"_links":{"self":[{"href":"https:\/\/dirigocoating.pl\/fr\/wp-json\/wp\/v2\/product\/12793"}],"collection":[{"href":"https:\/\/dirigocoating.pl\/fr\/wp-json\/wp\/v2\/product"}],"about":[{"href":"https:\/\/dirigocoating.pl\/fr\/wp-json\/wp\/v2\/types\/product"}],"wp:featuredmedia":[{"embeddable":true,"href":"https:\/\/dirigocoating.pl\/fr\/wp-json\/wp\/v2\/media\/10571"}],"wp:attachment":[{"href":"https:\/\/dirigocoating.pl\/fr\/wp-json\/wp\/v2\/media?parent=12793"}],"wp:term":[{"taxonomy":"product_brand","embeddable":true,"href":"https:\/\/dirigocoating.pl\/fr\/wp-json\/wp\/v2\/product_brand?post=12793"},{"taxonomy":"product_cat","embeddable":true,"href":"https:\/\/dirigocoating.pl\/fr\/wp-json\/wp\/v2\/product_cat?post=12793"},{"taxonomy":"product_tag","embeddable":true,"href":"https:\/\/dirigocoating.pl\/fr\/wp-json\/wp\/v2\/product_tag?post=12793"}],"curies":[{"name":"wp","href":"https:\/\/api.w.org\/{rel}","templated":true}]}}