{"id":12795,"date":"2025-06-16T09:32:06","date_gmt":"2025-06-16T09:32:06","guid":{"rendered":"https:\/\/dirigocoating.pl\/produkt\/percotop-2k-ms-clearcoat-cs803\/"},"modified":"2025-06-16T09:32:06","modified_gmt":"2025-06-16T09:32:06","slug":"percotop-2k-ms-clearcoat-cs803","status":"publish","type":"product","link":"https:\/\/dirigocoating.pl\/fr\/produit\/percotop-2k-ms-clearcoat-cs803\/","title":{"rendered":"PercoTop 2K MS Clearcoat CS803"},"content":{"rendered":"<p data-start=\"0\" data-end=\"7\">Propri\u00e9t\u00e9s<\/p>\n<ul data-start=\"8\" data-end=\"168\" data-is-last-node=\"\" data-is-only-node=\"\">\n<li data-start=\"8\" data-end=\"132\">\n<p data-start=\"10\" data-end=\"132\">PercoTop\u00ae CS803 2K MS Clearcoat est un vernis transparent bi-composant \u00e0 teneur moyenne en solides, \u00e0 base de r\u00e9sines acryliques.<\/p>\n<\/li>\n<li data-start=\"133\" data-end=\"168\" data-is-last-node=\"\">\n<p data-start=\"135\" data-end=\"168\" data-is-last-node=\"\">Assure une brillance exceptionnelle.<\/p>\n<\/li>\n<\/ul>\n<p><a class=\"wgl-button btn-size-sm \" role=\"button\" href=\"https:\/\/dirigocoating.pl\/wp-content\/uploads\/2025\/07\/EN-CS803.pdf\">TDS<\/a><\/p>\n","protected":false},"excerpt":{"rendered":"<p>2K <span>Vernis transparent \u00e0 base de r\u00e9sine acrylique, avec une teneur moyenne en solides. Il se distingue par un niveau de brillance tr\u00e8s \u00e9lev\u00e9. <\/span><\/p>\n","protected":false},"featured_media":10566,"template":"","meta":[],"product_brand":[],"product_cat":[429],"product_tag":[494,455],"class_list":{"0":"post-12795","1":"product","2":"type-product","3":"status-publish","4":"has-post-thumbnail","6":"product_cat-vehicules-utilitaires-fr","7":"product_tag-cv-clearcoat-fr","8":"product_tag-vernis-transparents","10":"first","11":"instock","12":"shipping-taxable","13":"product-type-simple"},"_links":{"self":[{"href":"https:\/\/dirigocoating.pl\/fr\/wp-json\/wp\/v2\/product\/12795"}],"collection":[{"href":"https:\/\/dirigocoating.pl\/fr\/wp-json\/wp\/v2\/product"}],"about":[{"href":"https:\/\/dirigocoating.pl\/fr\/wp-json\/wp\/v2\/types\/product"}],"wp:featuredmedia":[{"embeddable":true,"href":"https:\/\/dirigocoating.pl\/fr\/wp-json\/wp\/v2\/media\/10566"}],"wp:attachment":[{"href":"https:\/\/dirigocoating.pl\/fr\/wp-json\/wp\/v2\/media?parent=12795"}],"wp:term":[{"taxonomy":"product_brand","embeddable":true,"href":"https:\/\/dirigocoating.pl\/fr\/wp-json\/wp\/v2\/product_brand?post=12795"},{"taxonomy":"product_cat","embeddable":true,"href":"https:\/\/dirigocoating.pl\/fr\/wp-json\/wp\/v2\/product_cat?post=12795"},{"taxonomy":"product_tag","embeddable":true,"href":"https:\/\/dirigocoating.pl\/fr\/wp-json\/wp\/v2\/product_tag?post=12795"}],"curies":[{"name":"wp","href":"https:\/\/api.w.org\/{rel}","templated":true}]}}