{"id":12797,"date":"2025-06-16T09:42:16","date_gmt":"2025-06-16T09:42:16","guid":{"rendered":"https:\/\/dirigocoating.pl\/produkt\/percotop-2k-hs-clearcoat-cs805\/"},"modified":"2025-06-16T09:42:16","modified_gmt":"2025-06-16T09:42:16","slug":"percotop-2k-hs-clearcoat-cs805","status":"publish","type":"product","link":"https:\/\/dirigocoating.pl\/fr\/produit\/percotop-2k-hs-clearcoat-cs805\/","title":{"rendered":"PercoTop 2K HS Clearcoat CS805"},"content":{"rendered":"<p data-start=\"0\" data-end=\"13\"><strong>Propri\u00e9t\u00e9s<\/strong><\/p>\n<ul data-start=\"14\" data-end=\"286\" data-is-last-node=\"\" data-is-only-node=\"\">\n<li data-start=\"14\" data-end=\"146\">\n<p data-start=\"16\" data-end=\"146\">PercoTop\u00ae CS805 2K HS Clearcoat est un vernis incolore \u00e0 haut rendement et \u00e0 haute teneur en mati\u00e8res solides, \u00e0 base de r\u00e9sines acryliques.<\/p>\n<\/li>\n<li data-start=\"147\" data-end=\"224\">\n<p data-start=\"149\" data-end=\"224\">Il allie une application facile et rapide \u00e0 des possibilit\u00e9s d&rsquo;utilisation vari\u00e9es.<\/p>\n<\/li>\n<li data-start=\"225\" data-end=\"286\" data-is-last-node=\"\">\n<p data-start=\"227\" data-end=\"286\" data-is-last-node=\"\">Il offre un excellent \u00e9coulement et un bel aspect, et s\u00e8che rapidement.<\/p>\n<\/li>\n<\/ul>\n<p><a class=\"wgl-button btn-size-sm \" role=\"button\" href=\"https:\/\/dirigocoating.pl\/wp-content\/uploads\/2025\/07\/EN-CS805.pdf\">TDS<\/a><\/p>\n","protected":false},"excerpt":{"rendered":"<p>Vernis incolore 2K \u00e0 base de r\u00e9sine acrylique \u00e0 haute teneur en mati\u00e8res solides. Il allie facilit\u00e9 et rapidit\u00e9 avec une vari\u00e9t\u00e9 de m\u00e9thodes d&rsquo;application. Il offre un s\u00e9chage rapide et de bonnes propri\u00e9t\u00e9s d&rsquo;\u00e9coulement.  <\/p>\n","protected":false},"featured_media":10561,"template":"","meta":[],"product_brand":[],"product_cat":[429],"product_tag":[494,455],"class_list":{"0":"post-12797","1":"product","2":"type-product","3":"status-publish","4":"has-post-thumbnail","6":"product_cat-vehicules-utilitaires-fr","7":"product_tag-cv-clearcoat-fr","8":"product_tag-vernis-transparents","10":"first","11":"instock","12":"shipping-taxable","13":"product-type-simple"},"_links":{"self":[{"href":"https:\/\/dirigocoating.pl\/fr\/wp-json\/wp\/v2\/product\/12797"}],"collection":[{"href":"https:\/\/dirigocoating.pl\/fr\/wp-json\/wp\/v2\/product"}],"about":[{"href":"https:\/\/dirigocoating.pl\/fr\/wp-json\/wp\/v2\/types\/product"}],"wp:featuredmedia":[{"embeddable":true,"href":"https:\/\/dirigocoating.pl\/fr\/wp-json\/wp\/v2\/media\/10561"}],"wp:attachment":[{"href":"https:\/\/dirigocoating.pl\/fr\/wp-json\/wp\/v2\/media?parent=12797"}],"wp:term":[{"taxonomy":"product_brand","embeddable":true,"href":"https:\/\/dirigocoating.pl\/fr\/wp-json\/wp\/v2\/product_brand?post=12797"},{"taxonomy":"product_cat","embeddable":true,"href":"https:\/\/dirigocoating.pl\/fr\/wp-json\/wp\/v2\/product_cat?post=12797"},{"taxonomy":"product_tag","embeddable":true,"href":"https:\/\/dirigocoating.pl\/fr\/wp-json\/wp\/v2\/product_tag?post=12797"}],"curies":[{"name":"wp","href":"https:\/\/api.w.org\/{rel}","templated":true}]}}