{"id":12799,"date":"2025-06-16T09:48:15","date_gmt":"2025-06-16T09:48:15","guid":{"rendered":"https:\/\/dirigocoating.pl\/produkt\/percotop-2k-hs-clearcoat-cs808\/"},"modified":"2025-09-15T10:58:36","modified_gmt":"2025-09-15T10:58:36","slug":"percotop-2k-hs-clearcoat-cs808","status":"publish","type":"product","link":"https:\/\/dirigocoating.pl\/fr\/produit\/percotop-2k-hs-clearcoat-cs808\/","title":{"rendered":"PercoTop 2K HS Clearcoat CS808"},"content":{"rendered":"<p data-start=\"0\" data-end=\"13\"><strong>Propri\u00e9t\u00e9s<\/strong><\/p>\n<ul data-start=\"14\" data-end=\"274\" data-is-last-node=\"\" data-is-only-node=\"\">\n<li data-start=\"14\" data-end=\"125\">\n<p data-start=\"16\" data-end=\"125\">PercoTop\u00ae CS808 2K HS Clearcoat est un vernis incolore universel 2K PU \u00e0 haute teneur en mati\u00e8res solides.<\/p>\n<\/li>\n<li data-start=\"126\" data-end=\"274\" data-is-last-node=\"\">\n<p data-start=\"128\" data-end=\"274\" data-is-last-node=\"\">Outre sa facilit\u00e9 d&rsquo;application, le produit se distingue par son excellente mouillabilit\u00e9 du substrat, ce qui se traduit par un \u00e9talement tr\u00e8s uniforme et une bonne adh\u00e9rence.<\/p>\n<\/li>\n<\/ul>\n<p><a class=\"wgl-button btn-size-sm \" role=\"button\" href=\"https:\/\/dirigocoating.pl\/wp-content\/uploads\/2025\/07\/EN-CS808.pdf\">TDS<\/a><\/p>\n","protected":false},"excerpt":{"rendered":"<p><span>Vernice trasparente 2K PU ad alto contenuto di solidi. Grazie alla sua fluidit\u00e0, questo prodotto impressiona per la facilit\u00e0 di applicazione su vari substrati, l&rsquo;uniformit\u00e0 della finitura e la buona adesione. <\/span><\/p>\n","protected":false},"featured_media":10551,"template":"","meta":[],"product_brand":[],"product_cat":[429],"product_tag":[494,455],"class_list":{"0":"post-12799","1":"product","2":"type-product","3":"status-publish","4":"has-post-thumbnail","6":"product_cat-vehicules-utilitaires-fr","7":"product_tag-cv-clearcoat-fr","8":"product_tag-vernis-transparents","10":"first","11":"instock","12":"shipping-taxable","13":"product-type-simple"},"_links":{"self":[{"href":"https:\/\/dirigocoating.pl\/fr\/wp-json\/wp\/v2\/product\/12799"}],"collection":[{"href":"https:\/\/dirigocoating.pl\/fr\/wp-json\/wp\/v2\/product"}],"about":[{"href":"https:\/\/dirigocoating.pl\/fr\/wp-json\/wp\/v2\/types\/product"}],"wp:featuredmedia":[{"embeddable":true,"href":"https:\/\/dirigocoating.pl\/fr\/wp-json\/wp\/v2\/media\/10551"}],"wp:attachment":[{"href":"https:\/\/dirigocoating.pl\/fr\/wp-json\/wp\/v2\/media?parent=12799"}],"wp:term":[{"taxonomy":"product_brand","embeddable":true,"href":"https:\/\/dirigocoating.pl\/fr\/wp-json\/wp\/v2\/product_brand?post=12799"},{"taxonomy":"product_cat","embeddable":true,"href":"https:\/\/dirigocoating.pl\/fr\/wp-json\/wp\/v2\/product_cat?post=12799"},{"taxonomy":"product_tag","embeddable":true,"href":"https:\/\/dirigocoating.pl\/fr\/wp-json\/wp\/v2\/product_tag?post=12799"}],"curies":[{"name":"wp","href":"https:\/\/api.w.org\/{rel}","templated":true}]}}