{"id":12801,"date":"2025-06-16T09:50:33","date_gmt":"2025-06-16T09:50:33","guid":{"rendered":"https:\/\/dirigocoating.pl\/produkt\/percotop-2k-hs-helacryl-clearcoat-cs811\/"},"modified":"2025-06-16T09:50:33","modified_gmt":"2025-06-16T09:50:33","slug":"percotop-2k-hs-helacryl-clearcoat-cs811","status":"publish","type":"product","link":"https:\/\/dirigocoating.pl\/fr\/produit\/percotop-2k-hs-helacryl-clearcoat-cs811\/","title":{"rendered":"PercoTop 2K HS Helacryl Clearcoat CS811"},"content":{"rendered":"<p data-start=\"0\" data-end=\"13\"><strong>Propri\u00e9t\u00e9s<\/strong><\/p>\n<ul data-start=\"14\" data-end=\"385\" data-is-last-node=\"\" data-is-only-node=\"\">\n<li data-start=\"14\" data-end=\"165\">\n<p data-start=\"16\" data-end=\"165\">PercoTop\u00ae CS811 Helacryl Clearcoat est un vernis incolore polyur\u00e9thane sp\u00e9cial \u00e0 teneur moyenne en mati\u00e8res solides, \u00e0 base de r\u00e9sines acryliques.<\/p>\n<\/li>\n<li data-start=\"166\" data-end=\"385\" data-is-last-node=\"\">\n<p data-start=\"168\" data-end=\"385\" data-is-last-node=\"\">Les caract\u00e9ristiques distinctives du CS811 sont sa haute flexibilit\u00e9 et son excellente adh\u00e9rence sur divers substrats m\u00e9talliques et plastiques. Cela permet de prot\u00e9ger divers mat\u00e9riaux sans modifier leur apparence d&rsquo;origine. <\/p>\n<\/li>\n<\/ul>\n<p><a class=\"wgl-button btn-size-sm \" role=\"button\" href=\"https:\/\/dirigocoating.pl\/wp-content\/uploads\/2025\/07\/EN-CS811.pdf\">TDS<\/a><\/p>\n","protected":false},"excerpt":{"rendered":"<p><span>Vernis incolore polyur\u00e9thane bicomposant sp\u00e9cial \u00e0 base de r\u00e9sine acrylique. Il se caract\u00e9rise par une haute flexibilit\u00e9 et une excellente adh\u00e9rence sur de nombreux substrats m\u00e9talliques et plastiques. Cela permet de prot\u00e9ger divers mat\u00e9riaux tout en pr\u00e9servant leur apparence d&rsquo;origine.  <\/span><\/p>\n","protected":false},"featured_media":10546,"template":"","meta":[],"product_brand":[],"product_cat":[429],"product_tag":[494,455],"class_list":{"0":"post-12801","1":"product","2":"type-product","3":"status-publish","4":"has-post-thumbnail","6":"product_cat-vehicules-utilitaires-fr","7":"product_tag-cv-clearcoat-fr","8":"product_tag-vernis-transparents","10":"first","11":"instock","12":"shipping-taxable","13":"product-type-simple"},"_links":{"self":[{"href":"https:\/\/dirigocoating.pl\/fr\/wp-json\/wp\/v2\/product\/12801"}],"collection":[{"href":"https:\/\/dirigocoating.pl\/fr\/wp-json\/wp\/v2\/product"}],"about":[{"href":"https:\/\/dirigocoating.pl\/fr\/wp-json\/wp\/v2\/types\/product"}],"wp:featuredmedia":[{"embeddable":true,"href":"https:\/\/dirigocoating.pl\/fr\/wp-json\/wp\/v2\/media\/10546"}],"wp:attachment":[{"href":"https:\/\/dirigocoating.pl\/fr\/wp-json\/wp\/v2\/media?parent=12801"}],"wp:term":[{"taxonomy":"product_brand","embeddable":true,"href":"https:\/\/dirigocoating.pl\/fr\/wp-json\/wp\/v2\/product_brand?post=12801"},{"taxonomy":"product_cat","embeddable":true,"href":"https:\/\/dirigocoating.pl\/fr\/wp-json\/wp\/v2\/product_cat?post=12801"},{"taxonomy":"product_tag","embeddable":true,"href":"https:\/\/dirigocoating.pl\/fr\/wp-json\/wp\/v2\/product_tag?post=12801"}],"curies":[{"name":"wp","href":"https:\/\/api.w.org\/{rel}","templated":true}]}}