{"id":12803,"date":"2025-06-16T09:53:03","date_gmt":"2025-06-16T09:53:03","guid":{"rendered":"https:\/\/dirigocoating.pl\/produkt\/percotop-2k-hs-clearcoat-fast-drying-cs870\/"},"modified":"2025-06-16T09:53:03","modified_gmt":"2025-06-16T09:53:03","slug":"percotop-2k-hs-clearcoat-fast-drying-cs870","status":"publish","type":"product","link":"https:\/\/dirigocoating.pl\/fr\/produit\/percotop-2k-hs-clearcoat-fast-drying-cs870\/","title":{"rendered":"PercoTop 2K HS Clearcoat Fast Drying CS870"},"content":{"rendered":"<p data-start=\"0\" data-end=\"13\"><strong>Propri\u00e9t\u00e9s<\/strong><\/p>\n<ul data-start=\"14\" data-end=\"410\" data-is-last-node=\"\" data-is-only-node=\"\">\n<li data-start=\"14\" data-end=\"184\">\n<p data-start=\"16\" data-end=\"184\">PercoTop\u00ae CS870 2K HS Clearcoat est un nouveau vernis incolore universel 2K polyur\u00e9thane \u00e0 haute teneur en mati\u00e8res solides, bas\u00e9 sur une technologie de liant moderne.<\/p>\n<\/li>\n<li data-start=\"185\" data-end=\"270\">\n<p data-start=\"187\" data-end=\"270\">Facile \u00e0 appliquer, avec une haute r\u00e9sistance \u00e0 l&rsquo;\u00e9gouttement et un temps de s\u00e9chage rapide.<\/p>\n<\/li>\n<li data-start=\"271\" data-end=\"410\" data-is-last-node=\"\">\n<p data-start=\"273\" data-end=\"410\" data-is-last-node=\"\">La peinture est particuli\u00e8rement facile \u00e0 utiliser, assure un excellent mouillage de la surface, ce qui se traduit par un \u00e9talement tr\u00e8s uniforme et un bon rev\u00eatement.<\/p>\n<\/li>\n<\/ul>\n<p><a class=\"wgl-button btn-size-sm \" role=\"button\" href=\"https:\/\/dirigocoating.pl\/wp-content\/uploads\/2025\/07\/EN-CS870-1.pdf\">TDS<\/a><\/p>\n","protected":false},"excerpt":{"rendered":"<p><span>C&rsquo;est un vernis incolore polyur\u00e9thane bicomposant universel moderne \u00e0 haute teneur en mati\u00e8res solides. Sa formule est bas\u00e9e sur une nouvelle technologie de liant. Le produit se caract\u00e9rise par une application facile, une haute r\u00e9sistance \u00e0 l&rsquo;\u00e9gouttement et un s\u00e9chage rapide. Ce vernis incolore est particuli\u00e8rement facile \u00e0 utiliser et offre de bonnes propri\u00e9t\u00e9s d&rsquo;\u00e9coulement.   <\/span><\/p>\n","protected":false},"featured_media":10541,"template":"","meta":[],"product_brand":[],"product_cat":[429],"product_tag":[494,455],"class_list":{"0":"post-12803","1":"product","2":"type-product","3":"status-publish","4":"has-post-thumbnail","6":"product_cat-vehicules-utilitaires-fr","7":"product_tag-cv-clearcoat-fr","8":"product_tag-vernis-transparents","10":"first","11":"instock","12":"shipping-taxable","13":"product-type-simple"},"_links":{"self":[{"href":"https:\/\/dirigocoating.pl\/fr\/wp-json\/wp\/v2\/product\/12803"}],"collection":[{"href":"https:\/\/dirigocoating.pl\/fr\/wp-json\/wp\/v2\/product"}],"about":[{"href":"https:\/\/dirigocoating.pl\/fr\/wp-json\/wp\/v2\/types\/product"}],"wp:featuredmedia":[{"embeddable":true,"href":"https:\/\/dirigocoating.pl\/fr\/wp-json\/wp\/v2\/media\/10541"}],"wp:attachment":[{"href":"https:\/\/dirigocoating.pl\/fr\/wp-json\/wp\/v2\/media?parent=12803"}],"wp:term":[{"taxonomy":"product_brand","embeddable":true,"href":"https:\/\/dirigocoating.pl\/fr\/wp-json\/wp\/v2\/product_brand?post=12803"},{"taxonomy":"product_cat","embeddable":true,"href":"https:\/\/dirigocoating.pl\/fr\/wp-json\/wp\/v2\/product_cat?post=12803"},{"taxonomy":"product_tag","embeddable":true,"href":"https:\/\/dirigocoating.pl\/fr\/wp-json\/wp\/v2\/product_tag?post=12803"}],"curies":[{"name":"wp","href":"https:\/\/api.w.org\/{rel}","templated":true}]}}