{"id":12815,"date":"2025-06-16T07:55:08","date_gmt":"2025-06-16T07:55:08","guid":{"rendered":"https:\/\/dirigocoating.pl\/produkt\/percotop-cs160-putty-2\/"},"modified":"2025-06-16T07:55:08","modified_gmt":"2025-06-16T07:55:08","slug":"percotop-cs160-putty-2","status":"publish","type":"product","link":"https:\/\/dirigocoating.pl\/fr\/produit\/percotop-cs160-putty-2\/","title":{"rendered":"Percotop CS160 Putty"},"content":{"rendered":"<p><strong>Propri\u00e9t\u00e9s<\/strong><\/p>\n<ul class=\"wp-block-list\">\n<li>PercoTop\u00ae CS160 Mastic est un mastic de haute qualit\u00e9 \u00e0 base de r\u00e9sines polyester insatur\u00e9es.<\/li>\n<li>Il pr\u00e9sente des propri\u00e9t\u00e9s de remplissage tr\u00e8s homog\u00e8nes et une excellente pon\u00e7abilit\u00e9, m\u00eame apr\u00e8s s\u00e9chage infrarouge.<\/li>\n<\/ul>\n<p><a class=\"wgl-button btn-size-sm \" role=\"button\" href=\"https:\/\/dirigocoating.pl\/wp-content\/uploads\/2025\/07\/EN-CS160-updated-1.pdf\">TDS<\/a><\/p>\n","protected":false},"excerpt":{"rendered":"<p><span>Percotop CS160 est un mastic polyester 2K de haute qualit\u00e9.<\/span><\/p>\n","protected":false},"featured_media":10203,"template":"","meta":[],"product_brand":[],"product_cat":[429],"product_tag":[495,477],"class_list":{"0":"post-12815","1":"product","2":"type-product","3":"status-publish","4":"has-post-thumbnail","6":"product_cat-vehicules-utilitaires-fr","7":"product_tag-cv-mastic","8":"product_tag-spachtel-fr","10":"first","11":"instock","12":"shipping-taxable","13":"product-type-simple"},"_links":{"self":[{"href":"https:\/\/dirigocoating.pl\/fr\/wp-json\/wp\/v2\/product\/12815"}],"collection":[{"href":"https:\/\/dirigocoating.pl\/fr\/wp-json\/wp\/v2\/product"}],"about":[{"href":"https:\/\/dirigocoating.pl\/fr\/wp-json\/wp\/v2\/types\/product"}],"wp:featuredmedia":[{"embeddable":true,"href":"https:\/\/dirigocoating.pl\/fr\/wp-json\/wp\/v2\/media\/10203"}],"wp:attachment":[{"href":"https:\/\/dirigocoating.pl\/fr\/wp-json\/wp\/v2\/media?parent=12815"}],"wp:term":[{"taxonomy":"product_brand","embeddable":true,"href":"https:\/\/dirigocoating.pl\/fr\/wp-json\/wp\/v2\/product_brand?post=12815"},{"taxonomy":"product_cat","embeddable":true,"href":"https:\/\/dirigocoating.pl\/fr\/wp-json\/wp\/v2\/product_cat?post=12815"},{"taxonomy":"product_tag","embeddable":true,"href":"https:\/\/dirigocoating.pl\/fr\/wp-json\/wp\/v2\/product_tag?post=12815"}],"curies":[{"name":"wp","href":"https:\/\/api.w.org\/{rel}","templated":true}]}}