{"id":12817,"date":"2025-06-16T07:58:27","date_gmt":"2025-06-16T07:58:27","guid":{"rendered":"https:\/\/dirigocoating.pl\/produkt\/percotop-cs161-sprayable-putty\/"},"modified":"2025-06-16T07:58:27","modified_gmt":"2025-06-16T07:58:27","slug":"percotop-cs161-sprayable-putty","status":"publish","type":"product","link":"https:\/\/dirigocoating.pl\/fr\/produit\/percotop-cs161-sprayable-putty\/","title":{"rendered":"PercoTop\u00ae CS161 Sprayable Putty"},"content":{"rendered":"<p><strong>Propri\u00e9t\u00e9s<\/strong><\/p>\n<ul class=\"wp-block-list\">\n<li>PercoTop\u00ae CS161 Mastic Pulv\u00e9risable est un mastic pulv\u00e9risable de haute qualit\u00e9 \u00e0 base de r\u00e9sines polyester insatur\u00e9es.<\/li>\n<li>Il assure un aspect lisse sur les grandes surfaces.<\/li>\n<li>Il est facile \u00e0 appliquer, poss\u00e8de une excellente r\u00e9sistance \u00e0 la flexion et est facile \u00e0 poncer.<\/li>\n<\/ul>\n<p><a class=\"wgl-button btn-size-sm \" role=\"button\" href=\"https:\/\/dirigocoating.pl\/wp-content\/uploads\/2025\/07\/EN-CS161.pdf\">TDS<\/a><\/p>\n","protected":false},"excerpt":{"rendered":"<p><span>Mastic pulv\u00e9risable 2K con\u00e7u pour lisser de grandes surfaces \u00e0 texture moyenne ou rugueuse. Il se caract\u00e9rise par sa facilit\u00e9 d&rsquo;application au pistolet et son pon\u00e7age ais\u00e9. <\/span><\/p>\n","protected":false},"featured_media":10193,"template":"","meta":[],"product_brand":[],"product_cat":[429],"product_tag":[495,477],"class_list":{"0":"post-12817","1":"product","2":"type-product","3":"status-publish","4":"has-post-thumbnail","6":"product_cat-vehicules-utilitaires-fr","7":"product_tag-cv-mastic","8":"product_tag-spachtel-fr","10":"first","11":"instock","12":"shipping-taxable","13":"product-type-simple"},"_links":{"self":[{"href":"https:\/\/dirigocoating.pl\/fr\/wp-json\/wp\/v2\/product\/12817"}],"collection":[{"href":"https:\/\/dirigocoating.pl\/fr\/wp-json\/wp\/v2\/product"}],"about":[{"href":"https:\/\/dirigocoating.pl\/fr\/wp-json\/wp\/v2\/types\/product"}],"wp:featuredmedia":[{"embeddable":true,"href":"https:\/\/dirigocoating.pl\/fr\/wp-json\/wp\/v2\/media\/10193"}],"wp:attachment":[{"href":"https:\/\/dirigocoating.pl\/fr\/wp-json\/wp\/v2\/media?parent=12817"}],"wp:term":[{"taxonomy":"product_brand","embeddable":true,"href":"https:\/\/dirigocoating.pl\/fr\/wp-json\/wp\/v2\/product_brand?post=12817"},{"taxonomy":"product_cat","embeddable":true,"href":"https:\/\/dirigocoating.pl\/fr\/wp-json\/wp\/v2\/product_cat?post=12817"},{"taxonomy":"product_tag","embeddable":true,"href":"https:\/\/dirigocoating.pl\/fr\/wp-json\/wp\/v2\/product_tag?post=12817"}],"curies":[{"name":"wp","href":"https:\/\/api.w.org\/{rel}","templated":true}]}}