{"id":12819,"date":"2025-06-16T08:01:51","date_gmt":"2025-06-16T08:01:51","guid":{"rendered":"https:\/\/dirigocoating.pl\/produkt\/percotop-cs162-high-temperature-putty-2\/"},"modified":"2026-01-14T09:12:50","modified_gmt":"2026-01-14T09:12:50","slug":"percotop-cs162-high-temperature-putty-2","status":"publish","type":"product","link":"https:\/\/dirigocoating.pl\/fr\/produit\/percotop-cs162-high-temperature-putty-2\/","title":{"rendered":"PercoTop CS162 High Temperature Putty"},"content":{"rendered":"<p>Mastic bicomposant en technologie de r\u00e9sine polyester insatur\u00e9e, con\u00e7u pour les grandes et tr\u00e8s grandes surfaces gr\u00e2ce \u00e0 sa dur\u00e9e de vie de 30 minutes et \u00e0 son application sans effet \u00ab\u00a0peau d&rsquo;orange\u00a0\u00bb. Ce mastic est r\u00e9sistant aux hautes temp\u00e9ratures et peut \u00eatre recouvert de peintures en poudre &#8211; maximum 30 minutes \u00e0 180\u00b0C.<\/p>\n<p><strong>Propri\u00e9t\u00e9s<\/strong><\/p>\n<ul class=\"wp-block-list\">\n<li>PercoTop\u00ae CS162 Mastic Haute Temp\u00e9rature est un mastic haute temp\u00e9rature 2K \u00e0 base de r\u00e9sines polyester insatur\u00e9es.<\/li>\n<li>Il se caract\u00e9rise par une haute \u00e9lasticit\u00e9, une faible porosit\u00e9 et peut \u00eatre recouvert de peintures en poudre (temps et temp\u00e9rature de s\u00e9chage max. : 30 minutes \u00e0 180\u00b0C).<\/li>\n<li>Il est facile \u00e0 poncer et a une longue dur\u00e9e de vie.<\/li>\n<\/ul>\n<p><a class=\"wgl-button btn-size-sm \" role=\"button\" href=\"https:\/\/dirigocoating.pl\/wp-content\/uploads\/2025\/07\/EN-CS162-1.pdf\">TDS<\/a><\/p>\n","protected":false},"excerpt":{"rendered":"<p><span>Mastic 2K en technologie de r\u00e9sine polyester insatur\u00e9e<\/span><\/p>\n","protected":false},"featured_media":10183,"template":"","meta":[],"product_brand":[],"product_cat":[429],"product_tag":[495,477],"class_list":{"0":"post-12819","1":"product","2":"type-product","3":"status-publish","4":"has-post-thumbnail","6":"product_cat-vehicules-utilitaires-fr","7":"product_tag-cv-mastic","8":"product_tag-spachtel-fr","10":"first","11":"instock","12":"shipping-taxable","13":"product-type-simple"},"_links":{"self":[{"href":"https:\/\/dirigocoating.pl\/fr\/wp-json\/wp\/v2\/product\/12819"}],"collection":[{"href":"https:\/\/dirigocoating.pl\/fr\/wp-json\/wp\/v2\/product"}],"about":[{"href":"https:\/\/dirigocoating.pl\/fr\/wp-json\/wp\/v2\/types\/product"}],"wp:featuredmedia":[{"embeddable":true,"href":"https:\/\/dirigocoating.pl\/fr\/wp-json\/wp\/v2\/media\/10183"}],"wp:attachment":[{"href":"https:\/\/dirigocoating.pl\/fr\/wp-json\/wp\/v2\/media?parent=12819"}],"wp:term":[{"taxonomy":"product_brand","embeddable":true,"href":"https:\/\/dirigocoating.pl\/fr\/wp-json\/wp\/v2\/product_brand?post=12819"},{"taxonomy":"product_cat","embeddable":true,"href":"https:\/\/dirigocoating.pl\/fr\/wp-json\/wp\/v2\/product_cat?post=12819"},{"taxonomy":"product_tag","embeddable":true,"href":"https:\/\/dirigocoating.pl\/fr\/wp-json\/wp\/v2\/product_tag?post=12819"}],"curies":[{"name":"wp","href":"https:\/\/api.w.org\/{rel}","templated":true}]}}