{"id":12821,"date":"2025-06-16T08:26:52","date_gmt":"2025-06-16T08:26:52","guid":{"rendered":"https:\/\/dirigocoating.pl\/produkt\/percotop-cs165-thixoflex-putty-2\/"},"modified":"2025-06-16T08:26:52","modified_gmt":"2025-06-16T08:26:52","slug":"percotop-cs165-thixoflex-putty-2","status":"publish","type":"product","link":"https:\/\/dirigocoating.pl\/fr\/produit\/percotop-cs165-thixoflex-putty-2\/","title":{"rendered":"PercoTop CS165 Thixoflex Putty"},"content":{"rendered":"<p><strong>Propri\u00e9t\u00e9s<\/strong><\/p>\n<ul class=\"wp-block-list\">\n<li>PercoTop\u00ae CS165 Mastic Thixoflex est un mastic universel \u00e0 base de r\u00e9sines polyester insatur\u00e9es.<\/li>\n<li>Il se caract\u00e9rise par un excellent aspect final, une faible porosit\u00e9 et une haute r\u00e9sistance \u00e0 la flexion.<\/li>\n<li>Il est facile \u00e0 poncer.<\/li>\n<\/ul>\n<p><a class=\"wgl-button btn-size-sm \" role=\"button\" href=\"https:\/\/dirigocoating.pl\/wp-content\/uploads\/2025\/07\/EN-CS165-1.pdf\">TDS<\/a><\/p>\n","protected":false},"excerpt":{"rendered":"<p><span>Mastic 2K aux propri\u00e9t\u00e9s thixotropes, ce qui le rend id\u00e9al pour les applications \u00e0 forte \u00e9paisseur. La facilit\u00e9 d&rsquo;application et de pon\u00e7age offre une surface lisse et stable avec une haute r\u00e9sistance. <\/span><\/p>\n","protected":false},"featured_media":10177,"template":"","meta":[],"product_brand":[],"product_cat":[429],"product_tag":[495,477],"class_list":{"0":"post-12821","1":"product","2":"type-product","3":"status-publish","4":"has-post-thumbnail","6":"product_cat-vehicules-utilitaires-fr","7":"product_tag-cv-mastic","8":"product_tag-spachtel-fr","10":"first","11":"instock","12":"shipping-taxable","13":"product-type-simple"},"_links":{"self":[{"href":"https:\/\/dirigocoating.pl\/fr\/wp-json\/wp\/v2\/product\/12821"}],"collection":[{"href":"https:\/\/dirigocoating.pl\/fr\/wp-json\/wp\/v2\/product"}],"about":[{"href":"https:\/\/dirigocoating.pl\/fr\/wp-json\/wp\/v2\/types\/product"}],"wp:featuredmedia":[{"embeddable":true,"href":"https:\/\/dirigocoating.pl\/fr\/wp-json\/wp\/v2\/media\/10177"}],"wp:attachment":[{"href":"https:\/\/dirigocoating.pl\/fr\/wp-json\/wp\/v2\/media?parent=12821"}],"wp:term":[{"taxonomy":"product_brand","embeddable":true,"href":"https:\/\/dirigocoating.pl\/fr\/wp-json\/wp\/v2\/product_brand?post=12821"},{"taxonomy":"product_cat","embeddable":true,"href":"https:\/\/dirigocoating.pl\/fr\/wp-json\/wp\/v2\/product_cat?post=12821"},{"taxonomy":"product_tag","embeddable":true,"href":"https:\/\/dirigocoating.pl\/fr\/wp-json\/wp\/v2\/product_tag?post=12821"}],"curies":[{"name":"wp","href":"https:\/\/api.w.org\/{rel}","templated":true}]}}