{"id":12829,"date":"2025-06-11T10:38:58","date_gmt":"2025-06-11T10:38:58","guid":{"rendered":"https:\/\/dirigocoating.pl\/produkt\/centari-6000-2\/"},"modified":"2025-06-11T10:38:58","modified_gmt":"2025-06-11T10:38:58","slug":"centari-6000-2","status":"publish","type":"product","link":"https:\/\/dirigocoating.pl\/fr\/produit\/centari-6000-2\/","title":{"rendered":"Centari 6000"},"content":{"rendered":"<p>Appr\u00eat de base \u00e0 poids mol\u00e9culaire moyen pour une utilisation dans les syst\u00e8mes \u00ab\u00a0clear over base\u00a0\u00bb pour les couleurs unies, m\u00e9tallis\u00e9es et nacr\u00e9es.<br \/>\nConvient aux voitures, camions et autobus.<br \/>\nComposition \u00e0 base de copolym\u00e8re acrylique.<\/p>\n<p>PROPRI\u00c9T\u00c9S:<br \/>\nFacilite l&rsquo;application et la correspondance pr\u00e9cise des couleurs.<br \/>\nUne excellente couverture et une finition uniforme permettent des \u00e9conomies de temps d&rsquo;application et de consommation de mat\u00e9riau.<br \/>\nPour de meilleures propri\u00e9t\u00e9s de rev\u00eatement, il est recommand\u00e9 d&rsquo;utiliser le produit BK220.<br \/>\nPeut \u00eatre utilis\u00e9 pour des r\u00e9parations ponctuelles, de panneaux et compl\u00e8tes.<\/p>\n<p><a class=\"wgl-button btn-size-sm \" role=\"button\" href=\"https:\/\/dirigocoating.pl\/wp-content\/uploads\/2025\/07\/EN-C6000.pdf\">TDS<\/a><\/p>\n","protected":false},"excerpt":{"rendered":"<p>LOW EMISSION BASECOAT<\/p>\n","protected":false},"featured_media":10111,"template":"","meta":[],"product_brand":[],"product_cat":[429],"product_tag":[499,498],"class_list":{"0":"post-12829","1":"product","2":"type-product","3":"status-publish","4":"has-post-thumbnail","6":"product_cat-vehicules-utilitaires-fr","7":"product_tag-cv-base","8":"product_tag-vernis-de-base","10":"first","11":"instock","12":"shipping-taxable","13":"product-type-simple"},"_links":{"self":[{"href":"https:\/\/dirigocoating.pl\/fr\/wp-json\/wp\/v2\/product\/12829"}],"collection":[{"href":"https:\/\/dirigocoating.pl\/fr\/wp-json\/wp\/v2\/product"}],"about":[{"href":"https:\/\/dirigocoating.pl\/fr\/wp-json\/wp\/v2\/types\/product"}],"wp:featuredmedia":[{"embeddable":true,"href":"https:\/\/dirigocoating.pl\/fr\/wp-json\/wp\/v2\/media\/10111"}],"wp:attachment":[{"href":"https:\/\/dirigocoating.pl\/fr\/wp-json\/wp\/v2\/media?parent=12829"}],"wp:term":[{"taxonomy":"product_brand","embeddable":true,"href":"https:\/\/dirigocoating.pl\/fr\/wp-json\/wp\/v2\/product_brand?post=12829"},{"taxonomy":"product_cat","embeddable":true,"href":"https:\/\/dirigocoating.pl\/fr\/wp-json\/wp\/v2\/product_cat?post=12829"},{"taxonomy":"product_tag","embeddable":true,"href":"https:\/\/dirigocoating.pl\/fr\/wp-json\/wp\/v2\/product_tag?post=12829"}],"curies":[{"name":"wp","href":"https:\/\/api.w.org\/{rel}","templated":true}]}}