{"id":12850,"date":"2025-06-10T10:12:28","date_gmt":"2025-06-10T10:12:28","guid":{"rendered":"https:\/\/dirigocoating.pl\/produkt\/ep300-ep300r-2k-waterbased-epoxy-primer-2\/"},"modified":"2025-06-10T10:12:28","modified_gmt":"2025-06-10T10:12:28","slug":"ep300-ep300r-2k-waterbased-epoxy-primer-2","status":"publish","type":"product","link":"https:\/\/dirigocoating.pl\/fr\/produit\/ep300-ep300r-2k-waterbased-epoxy-primer-2\/","title":{"rendered":"EP300 \/ EP300R 2K Waterbased Epoxy Primer"},"content":{"rendered":"<p><strong>Propri\u00e9t\u00e9s<\/strong><br \/>\n\u2022 Offre une excellente protection anticorrosion.<br \/>\n\u2022 Tr\u00e8s bonne adh\u00e9rence aux substrats m\u00e9talliques list\u00e9s ci-dessous.<br \/>\n\u2022 Haute r\u00e9sistance m\u00e9canique.<br \/>\n\u2022 Bonnes propri\u00e9t\u00e9s de remplissage.<br \/>\n\u2022 Essuyer \u00e0 sec avant l&rsquo;application de l&rsquo;appr\u00eat.<br \/>\n\u2022 Avant la peinture, d\u00e9graisser en utilisant un nettoyant silicone puis WB3910 si n\u00e9cessaire.<\/p>\n<p><a class=\"wgl-button btn-size-sm \" role=\"button\" href=\"https:\/\/dirigocoating.pl\/wp-content\/uploads\/2025\/07\/EN-EP300.pdf\">TDS<\/a><\/p>\n","protected":false},"excerpt":{"rendered":"<p><span>EP300 est un appr\u00eat \u00e9poxy bicomponente hydrodiluable, sp\u00e9cialement con\u00e7u pour l&rsquo;application sur les trains, les machines et les v\u00e9hicules utilitaires.<br \/>\nLa composition du produit est \u00e0 base de r\u00e9sine \u00e9poxy.<\/span><\/p>\n","protected":false},"featured_media":9996,"template":"","meta":[],"product_brand":[],"product_cat":[422],"product_tag":[528,500,502,469],"class_list":{"0":"post-12850","1":"product","2":"type-product","3":"status-publish","4":"has-post-thumbnail","6":"product_cat-rail-fr","7":"product_tag-epoxy-fr","8":"product_tag-hydrosoluble","9":"product_tag-peinture-dappret-a-leau","10":"product_tag-peinture-dappret","12":"first","13":"instock","14":"shipping-taxable","15":"product-type-simple"},"_links":{"self":[{"href":"https:\/\/dirigocoating.pl\/fr\/wp-json\/wp\/v2\/product\/12850"}],"collection":[{"href":"https:\/\/dirigocoating.pl\/fr\/wp-json\/wp\/v2\/product"}],"about":[{"href":"https:\/\/dirigocoating.pl\/fr\/wp-json\/wp\/v2\/types\/product"}],"wp:featuredmedia":[{"embeddable":true,"href":"https:\/\/dirigocoating.pl\/fr\/wp-json\/wp\/v2\/media\/9996"}],"wp:attachment":[{"href":"https:\/\/dirigocoating.pl\/fr\/wp-json\/wp\/v2\/media?parent=12850"}],"wp:term":[{"taxonomy":"product_brand","embeddable":true,"href":"https:\/\/dirigocoating.pl\/fr\/wp-json\/wp\/v2\/product_brand?post=12850"},{"taxonomy":"product_cat","embeddable":true,"href":"https:\/\/dirigocoating.pl\/fr\/wp-json\/wp\/v2\/product_cat?post=12850"},{"taxonomy":"product_tag","embeddable":true,"href":"https:\/\/dirigocoating.pl\/fr\/wp-json\/wp\/v2\/product_tag?post=12850"}],"curies":[{"name":"wp","href":"https:\/\/api.w.org\/{rel}","templated":true}]}}