{"id":12852,"date":"2025-06-10T10:17:31","date_gmt":"2025-06-10T10:17:31","guid":{"rendered":"https:\/\/dirigocoating.pl\/produkt\/pur300-pur300w-2k-waterbased-filler-2\/"},"modified":"2025-09-17T06:44:12","modified_gmt":"2025-09-17T06:44:12","slug":"pur300-pur300w-2k-waterbased-filler-2","status":"publish","type":"product","link":"https:\/\/dirigocoating.pl\/fr\/produit\/pur300-pur300w-2k-waterbased-filler-2\/","title":{"rendered":"PUR300 \/ PUR300W 2K Waterbased Filler"},"content":{"rendered":"<p><span>Possibilit\u00e9 d&rsquo;application comme appr\u00eat hautement chargeable pour le pon\u00e7age ou comme appr\u00eat interm\u00e9diaire non pon\u00e7able (jusqu&rsquo;\u00e0 40 \u00b5m), temps d&rsquo;\u00e9vaporation rapide.<\/span><\/p>\n<p>\u2022 Bonne pon\u00e7abilit\u00e9 et aspect optimal.<br \/>\n\u2022 Peut \u00eatre utilis\u00e9 comme mastic ou mastic \u00e0 fort \u00e9paisseur, selon la quantit\u00e9 de diluant ajout\u00e9e.<br \/>\n\u2022 Peut \u00eatre utilis\u00e9 comme mastic non pon\u00e7able avec une \u00e9paisseur de film sec (DFS) de 40 \u00b5m ou comme mastic \u00e0 fort \u00e9paisseur pon\u00e7able avec une \u00e9paisseur de film sec (DFS) de 80-120 \u00b5m.<\/p>\n<p><a class=\"wgl-button btn-size-sm \" role=\"button\" href=\"https:\/\/dirigocoating.pl\/wp-content\/uploads\/2025\/07\/PUR300-update-EN.pdf\">TDS<\/a><\/p>\n","protected":false},"excerpt":{"rendered":"<p>PUR300 est un appr\u00eat de remplissage polyur\u00e9thane bicomponente hydrodiluable, con\u00e7u pour une utilisation sur les trains, les machines et les v\u00e9hicules utilitaires.<br \/>\nComposition \u00e0 base de r\u00e9sine acrylique.<\/p>\n","protected":false},"featured_media":9991,"template":"","meta":[],"product_brand":[],"product_cat":[422],"product_tag":[500,502,469],"class_list":{"0":"post-12852","1":"product","2":"type-product","3":"status-publish","4":"has-post-thumbnail","6":"product_cat-rail-fr","7":"product_tag-hydrosoluble","8":"product_tag-peinture-dappret-a-leau","9":"product_tag-peinture-dappret","11":"first","12":"instock","13":"shipping-taxable","14":"product-type-simple"},"_links":{"self":[{"href":"https:\/\/dirigocoating.pl\/fr\/wp-json\/wp\/v2\/product\/12852"}],"collection":[{"href":"https:\/\/dirigocoating.pl\/fr\/wp-json\/wp\/v2\/product"}],"about":[{"href":"https:\/\/dirigocoating.pl\/fr\/wp-json\/wp\/v2\/types\/product"}],"wp:featuredmedia":[{"embeddable":true,"href":"https:\/\/dirigocoating.pl\/fr\/wp-json\/wp\/v2\/media\/9991"}],"wp:attachment":[{"href":"https:\/\/dirigocoating.pl\/fr\/wp-json\/wp\/v2\/media?parent=12852"}],"wp:term":[{"taxonomy":"product_brand","embeddable":true,"href":"https:\/\/dirigocoating.pl\/fr\/wp-json\/wp\/v2\/product_brand?post=12852"},{"taxonomy":"product_cat","embeddable":true,"href":"https:\/\/dirigocoating.pl\/fr\/wp-json\/wp\/v2\/product_cat?post=12852"},{"taxonomy":"product_tag","embeddable":true,"href":"https:\/\/dirigocoating.pl\/fr\/wp-json\/wp\/v2\/product_tag?post=12852"}],"curies":[{"name":"wp","href":"https:\/\/api.w.org\/{rel}","templated":true}]}}