{"id":12854,"date":"2025-06-10T10:31:03","date_gmt":"2025-06-10T10:31:03","guid":{"rendered":"https:\/\/dirigocoating.pl\/produkt\/imron-hydrobasecoat-8200-2\/"},"modified":"2025-06-10T10:31:03","modified_gmt":"2025-06-10T10:31:03","slug":"imron-hydrobasecoat-8200-2","status":"publish","type":"product","link":"https:\/\/dirigocoating.pl\/fr\/produit\/imron-hydrobasecoat-8200-2\/","title":{"rendered":"Imron HydroBaseCoat 8200"},"content":{"rendered":"<ul>\n<li><span>Film mince<\/span><\/li>\n<li><span>\u00c0 s\u00e9chage rapide, permet de gagner du temps dans l&rsquo;application de plusieurs couleurs<\/span><\/li>\n<li><span>Application en 1,5 couche, excellente couverture, faible consommation de mat\u00e9riau<\/span><\/li>\n<li><span>Large gamme de couleurs unies et d&rsquo;effets<\/span><\/li>\n<\/ul>\n<p><a class=\"wgl-button btn-size-sm \" role=\"button\" href=\"https:\/\/dirigocoating.pl\/wp-content\/uploads\/2025\/07\/Imron_HBC_8200-EN.pdf\">TDS<\/a><\/p>\n<p><strong>Pr\u00e9sentation du produit<\/strong><\/p>\n<p><iframe title=\"Imron HydroBaseCoat 8200 - si\u0142a krycia wodnego lakieru bazowego \/ covering power of water basecoat\" width=\"422\" height=\"750\" src=\"https:\/\/www.youtube.com\/embed\/Mdt6rCgC4bQ?feature=oembed\" frameborder=\"0\" allow=\"accelerometer; autoplay; clipboard-write; encrypted-media; gyroscope; picture-in-picture; web-share\" referrerpolicy=\"strict-origin-when-cross-origin\" allowfullscreen><\/iframe><\/p>\n","protected":false},"excerpt":{"rendered":"<p>Imron\u00ae HydroBaseCoat 8200 est un syst\u00e8me innovant de peintures de base hydrodiluables, sp\u00e9cialement con\u00e7u pour le rev\u00eatement de grandes surfaces, telles que les v\u00e9hicules utilitaires, les bus ou le mat\u00e9riel ferroviaire.<br \/>\nIl allie facilit\u00e9 d&rsquo;application, excellent contr\u00f4le des taches et exceptionnelle r\u00e9sistance aux UV, garantissant une finition extr\u00eamement durable. Une adh\u00e9rence et des propri\u00e9t\u00e9s m\u00e9caniques exceptionnelles sont obtenues gr\u00e2ce \u00e0 un activateur sp\u00e9cial. <\/p>\n","protected":false},"featured_media":9966,"template":"","meta":[],"product_brand":[],"product_cat":[422],"product_tag":[500,506,498],"class_list":{"0":"post-12854","1":"product","2":"type-product","3":"status-publish","4":"has-post-thumbnail","6":"product_cat-rail-fr","7":"product_tag-hydrosoluble","8":"product_tag-peinture-de-base-a-leau","9":"product_tag-vernis-de-base","11":"first","12":"instock","13":"shipping-taxable","14":"product-type-simple"},"_links":{"self":[{"href":"https:\/\/dirigocoating.pl\/fr\/wp-json\/wp\/v2\/product\/12854"}],"collection":[{"href":"https:\/\/dirigocoating.pl\/fr\/wp-json\/wp\/v2\/product"}],"about":[{"href":"https:\/\/dirigocoating.pl\/fr\/wp-json\/wp\/v2\/types\/product"}],"wp:featuredmedia":[{"embeddable":true,"href":"https:\/\/dirigocoating.pl\/fr\/wp-json\/wp\/v2\/media\/9966"}],"wp:attachment":[{"href":"https:\/\/dirigocoating.pl\/fr\/wp-json\/wp\/v2\/media?parent=12854"}],"wp:term":[{"taxonomy":"product_brand","embeddable":true,"href":"https:\/\/dirigocoating.pl\/fr\/wp-json\/wp\/v2\/product_brand?post=12854"},{"taxonomy":"product_cat","embeddable":true,"href":"https:\/\/dirigocoating.pl\/fr\/wp-json\/wp\/v2\/product_cat?post=12854"},{"taxonomy":"product_tag","embeddable":true,"href":"https:\/\/dirigocoating.pl\/fr\/wp-json\/wp\/v2\/product_tag?post=12854"}],"curies":[{"name":"wp","href":"https:\/\/api.w.org\/{rel}","templated":true}]}}