{"id":12874,"date":"2025-06-10T10:00:16","date_gmt":"2025-06-10T10:00:16","guid":{"rendered":"https:\/\/dirigocoating.pl\/produkt\/imron-hydrobasecoat-7230\/"},"modified":"2025-06-10T10:00:16","modified_gmt":"2025-06-10T10:00:16","slug":"imron-hydrobasecoat-7230","status":"publish","type":"product","link":"https:\/\/dirigocoating.pl\/fr\/produit\/imron-hydrobasecoat-7230\/","title":{"rendered":"Imron HydroBaseCoat 7230"},"content":{"rendered":"<ul>\n<li><span>\u00c0 couche \u00e9paisse, excellente adh\u00e9rence et remplissage<\/span><\/li>\n<li><span>Haute r\u00e9sistance m\u00e9canique et chimique <\/span><\/li>\n<li><span>Disponible en diff\u00e9rentes couleurs et niveaux de brillance<\/span><\/li>\n<li><span>Application facile<\/span><\/li>\n<\/ul>\n<p><a class=\"wgl-button btn-size-sm \" role=\"button\" href=\"https:\/\/dirigocoating.pl\/wp-content\/uploads\/2025\/07\/EN-IMRON-7230-HBC-Rail-segment-.pdf\">TDS<\/a><\/p>\n","protected":false},"excerpt":{"rendered":"<p>Imron 7230 High Build HydroBaseCoat est un syst\u00e8me de base polyur\u00e9thane bicomposant \u00e0 base d&rsquo;eau, sp\u00e9cialement d\u00e9velopp\u00e9 pour une utilisation sur les trains et autres v\u00e9hicules ferroviaires. Con\u00e7u pour \u00eatre utilis\u00e9 comme couche de base \u00e0 haute r\u00e9sistance en combinaison avec des vernis incolores \u00e0 base d&rsquo;eau ou de solvant. <\/p>\n","protected":false},"featured_media":9971,"template":"","meta":[],"product_brand":[],"product_cat":[422],"product_tag":[500,506,498],"class_list":{"0":"post-12874","1":"product","2":"type-product","3":"status-publish","4":"has-post-thumbnail","6":"product_cat-rail-fr","7":"product_tag-hydrosoluble","8":"product_tag-peinture-de-base-a-leau","9":"product_tag-vernis-de-base","11":"first","12":"instock","13":"shipping-taxable","14":"product-type-simple"},"_links":{"self":[{"href":"https:\/\/dirigocoating.pl\/fr\/wp-json\/wp\/v2\/product\/12874"}],"collection":[{"href":"https:\/\/dirigocoating.pl\/fr\/wp-json\/wp\/v2\/product"}],"about":[{"href":"https:\/\/dirigocoating.pl\/fr\/wp-json\/wp\/v2\/types\/product"}],"wp:featuredmedia":[{"embeddable":true,"href":"https:\/\/dirigocoating.pl\/fr\/wp-json\/wp\/v2\/media\/9971"}],"wp:attachment":[{"href":"https:\/\/dirigocoating.pl\/fr\/wp-json\/wp\/v2\/media?parent=12874"}],"wp:term":[{"taxonomy":"product_brand","embeddable":true,"href":"https:\/\/dirigocoating.pl\/fr\/wp-json\/wp\/v2\/product_brand?post=12874"},{"taxonomy":"product_cat","embeddable":true,"href":"https:\/\/dirigocoating.pl\/fr\/wp-json\/wp\/v2\/product_cat?post=12874"},{"taxonomy":"product_tag","embeddable":true,"href":"https:\/\/dirigocoating.pl\/fr\/wp-json\/wp\/v2\/product_tag?post=12874"}],"curies":[{"name":"wp","href":"https:\/\/api.w.org\/{rel}","templated":true}]}}