{"id":12880,"date":"2025-06-06T10:56:57","date_gmt":"2025-06-06T10:56:57","guid":{"rendered":"https:\/\/dirigocoating.pl\/produkt\/centari-600-2\/"},"modified":"2025-06-06T10:56:57","modified_gmt":"2025-06-06T10:56:57","slug":"centari-600-2","status":"publish","type":"product","link":"https:\/\/dirigocoating.pl\/fr\/produit\/centari-600-2\/","title":{"rendered":"Centari 600"},"content":{"rendered":"<ul>\n<li data-start=\"25\" data-end=\"110\">\n<p data-start=\"27\" data-end=\"110\">Large gamme de couleurs unies et d&rsquo;effets tels que m\u00e9tallis\u00e9, nacr\u00e9 et xirallic<\/p>\n<\/li>\n<li data-start=\"111\" data-end=\"166\">\n<p data-start=\"113\" data-end=\"166\">Base \u00e0 film mince assurant un s\u00e9chage rapide<\/p>\n<\/li>\n<li data-start=\"167\" data-end=\"199\">\n<p data-start=\"169\" data-end=\"199\">Possibilit\u00e9 de r\u00e9parations localis\u00e9es<\/p>\n<\/li>\n<li data-start=\"200\" data-end=\"219\" data-is-last-node=\"\">\n<p data-start=\"202\" data-end=\"219\" data-is-last-node=\"\">Facilit\u00e9 d&rsquo;application<\/p>\n<\/li>\n<\/ul>\n<p><a class=\"wgl-button btn-size-sm \" role=\"button\" href=\"https:\/\/dirigocoating.pl\/wp-content\/uploads\/2025\/07\/EN-C600.pdf\">TDS<\/a><\/p>\n","protected":false},"excerpt":{"rendered":"<p>La peinture de base Centari 600 combine des pigments concentr\u00e9s avec des liants \u00e0 solvant, cr\u00e9ant une base adapt\u00e9e aux march\u00e9s non conformes aux COV. Convient pour les r\u00e9parations localis\u00e9es, les composants et les surfaces compl\u00e8tes. <\/p>\n","protected":false},"featured_media":9881,"template":"","meta":[],"product_brand":[],"product_cat":[422],"product_tag":[518,475,498],"class_list":{"0":"post-12880","1":"product","2":"type-product","3":"status-publish","4":"has-post-thumbnail","6":"product_cat-rail-fr","7":"product_tag-baza-solwent-fr","8":"product_tag-solvant","9":"product_tag-vernis-de-base","11":"first","12":"instock","13":"shipping-taxable","14":"product-type-simple"},"_links":{"self":[{"href":"https:\/\/dirigocoating.pl\/fr\/wp-json\/wp\/v2\/product\/12880"}],"collection":[{"href":"https:\/\/dirigocoating.pl\/fr\/wp-json\/wp\/v2\/product"}],"about":[{"href":"https:\/\/dirigocoating.pl\/fr\/wp-json\/wp\/v2\/types\/product"}],"wp:featuredmedia":[{"embeddable":true,"href":"https:\/\/dirigocoating.pl\/fr\/wp-json\/wp\/v2\/media\/9881"}],"wp:attachment":[{"href":"https:\/\/dirigocoating.pl\/fr\/wp-json\/wp\/v2\/media?parent=12880"}],"wp:term":[{"taxonomy":"product_brand","embeddable":true,"href":"https:\/\/dirigocoating.pl\/fr\/wp-json\/wp\/v2\/product_brand?post=12880"},{"taxonomy":"product_cat","embeddable":true,"href":"https:\/\/dirigocoating.pl\/fr\/wp-json\/wp\/v2\/product_cat?post=12880"},{"taxonomy":"product_tag","embeddable":true,"href":"https:\/\/dirigocoating.pl\/fr\/wp-json\/wp\/v2\/product_tag?post=12880"}],"curies":[{"name":"wp","href":"https:\/\/api.w.org\/{rel}","templated":true}]}}