{"id":12882,"date":"2025-06-06T11:15:10","date_gmt":"2025-06-06T11:15:10","guid":{"rendered":"https:\/\/dirigocoating.pl\/produkt\/ep-metallgrund-r-68121-2\/"},"modified":"2025-06-06T11:15:10","modified_gmt":"2025-06-06T11:15:10","slug":"ep-metallgrund-r-68121-2","status":"publish","type":"product","link":"https:\/\/dirigocoating.pl\/fr\/produit\/ep-metallgrund-r-68121-2\/","title":{"rendered":"EP-Metallgrund R 68121"},"content":{"rendered":"<ul>\n<li data-start=\"25\" data-end=\"51\">\n<p data-start=\"27\" data-end=\"51\">Excellente adh\u00e9rence<\/p>\n<\/li>\n<li data-start=\"52\" data-end=\"73\">\n<p data-start=\"54\" data-end=\"73\">Bon remplissage<\/p>\n<\/li>\n<li data-start=\"74\" data-end=\"111\">\n<p data-start=\"76\" data-end=\"111\">R\u00e9sistance exceptionnelle \u00e0 la corrosion<\/p>\n<\/li>\n<li data-start=\"112\" data-end=\"133\" data-is-last-node=\"\">\n<p data-start=\"114\" data-end=\"133\" data-is-last-node=\"\">R\u00e9sistance chimique<\/p>\n<\/li>\n<\/ul>\n<p><a class=\"wgl-button btn-size-sm \" role=\"button\" href=\"https:\/\/dirigocoating.pl\/wp-content\/uploads\/2025\/07\/EP-Metallgrund-EN.pdf\">TDS<\/a><\/p>\n","protected":false},"excerpt":{"rendered":"<p>EP Metallgrund est un appr\u00eat anticorrosion 2K, particuli\u00e8rement adapt\u00e9 \u00e0 une utilisation sur les trains et les v\u00e9hicules utilitaires.<br \/>\nComposition \u00e0 base de r\u00e9sine \u00e9poxy.<\/p>\n","protected":false},"featured_media":9921,"template":"","meta":[],"product_brand":[],"product_cat":[422],"product_tag":[469,475,492],"class_list":{"0":"post-12882","1":"product","2":"type-product","3":"status-publish","4":"has-post-thumbnail","6":"product_cat-rail-fr","7":"product_tag-peinture-dappret","8":"product_tag-solvant","9":"product_tag-solvent-filler","11":"first","12":"instock","13":"shipping-taxable","14":"product-type-simple"},"_links":{"self":[{"href":"https:\/\/dirigocoating.pl\/fr\/wp-json\/wp\/v2\/product\/12882"}],"collection":[{"href":"https:\/\/dirigocoating.pl\/fr\/wp-json\/wp\/v2\/product"}],"about":[{"href":"https:\/\/dirigocoating.pl\/fr\/wp-json\/wp\/v2\/types\/product"}],"wp:featuredmedia":[{"embeddable":true,"href":"https:\/\/dirigocoating.pl\/fr\/wp-json\/wp\/v2\/media\/9921"}],"wp:attachment":[{"href":"https:\/\/dirigocoating.pl\/fr\/wp-json\/wp\/v2\/media?parent=12882"}],"wp:term":[{"taxonomy":"product_brand","embeddable":true,"href":"https:\/\/dirigocoating.pl\/fr\/wp-json\/wp\/v2\/product_brand?post=12882"},{"taxonomy":"product_cat","embeddable":true,"href":"https:\/\/dirigocoating.pl\/fr\/wp-json\/wp\/v2\/product_cat?post=12882"},{"taxonomy":"product_tag","embeddable":true,"href":"https:\/\/dirigocoating.pl\/fr\/wp-json\/wp\/v2\/product_tag?post=12882"}],"curies":[{"name":"wp","href":"https:\/\/api.w.org\/{rel}","templated":true}]}}