{"id":12884,"date":"2025-06-06T11:22:29","date_gmt":"2025-06-06T11:22:29","guid":{"rendered":"https:\/\/dirigocoating.pl\/produkt\/percotop-cs807-spies-hecker-sh8330-2\/"},"modified":"2025-06-06T11:22:29","modified_gmt":"2025-06-06T11:22:29","slug":"percotop-cs807-spies-hecker-sh8330-2","status":"publish","type":"product","link":"https:\/\/dirigocoating.pl\/fr\/produit\/percotop-cs807-spies-hecker-sh8330-2\/","title":{"rendered":"PercoTop CS807 \/ Spies Hecker SH8330"},"content":{"rendered":"<ul>\n<li>Id\u00e9al pour les grandes surfaces<\/li>\n<li>Efficace sur des \u00e9l\u00e9ments de forme complexe<\/li>\n<li>Haute r\u00e9sistance au d\u00e9p\u00f4t du rev\u00eatement<\/li>\n<li>Excellente absorption de la brume de peinture<\/li>\n<li>Possibilit\u00e9 d&rsquo;appliquer la technologie antigraffiti (avec la proportion appropri\u00e9e d&rsquo;activateur)<\/li>\n<li>Propri\u00e9t\u00e9s anti-graffiti<\/li>\n<li>Bonne \u00e9talabilit\u00e9<\/li>\n<li>Brillance \u00e9lev\u00e9e<\/li>\n<li>Facilit\u00e9 d&rsquo;application (y compris sur de grandes surfaces)<\/li>\n<\/ul>\n<p><a class=\"wgl-button btn-size-sm \" role=\"button\" href=\"https:\/\/dirigocoating.pl\/wp-content\/uploads\/2025\/07\/EN-CS807.pdf\">TDS<\/a><\/p>\n","protected":false},"excerpt":{"rendered":"<p>PercoTop\u00ae 2K HS Power Clearcoat CS807 &#8211; Un vernis incolore polyur\u00e9thane bicomposant universel \u00e0 base de r\u00e9sine acrylique \u00e0 haute teneur en mati\u00e8res solides.<\/p>\n","protected":false},"featured_media":9891,"template":"","meta":[],"product_brand":[],"product_cat":[422,429],"product_tag":[521,494,475,455],"class_list":{"0":"post-12884","1":"product","2":"type-product","3":"status-publish","4":"has-post-thumbnail","6":"product_cat-rail-fr","7":"product_cat-vehicules-utilitaires-fr","8":"product_tag-clear-solvent-fr","9":"product_tag-cv-clearcoat-fr","10":"product_tag-solvant","11":"product_tag-vernis-transparents","13":"first","14":"instock","15":"shipping-taxable","16":"product-type-simple"},"_links":{"self":[{"href":"https:\/\/dirigocoating.pl\/fr\/wp-json\/wp\/v2\/product\/12884"}],"collection":[{"href":"https:\/\/dirigocoating.pl\/fr\/wp-json\/wp\/v2\/product"}],"about":[{"href":"https:\/\/dirigocoating.pl\/fr\/wp-json\/wp\/v2\/types\/product"}],"wp:featuredmedia":[{"embeddable":true,"href":"https:\/\/dirigocoating.pl\/fr\/wp-json\/wp\/v2\/media\/9891"}],"wp:attachment":[{"href":"https:\/\/dirigocoating.pl\/fr\/wp-json\/wp\/v2\/media?parent=12884"}],"wp:term":[{"taxonomy":"product_brand","embeddable":true,"href":"https:\/\/dirigocoating.pl\/fr\/wp-json\/wp\/v2\/product_brand?post=12884"},{"taxonomy":"product_cat","embeddable":true,"href":"https:\/\/dirigocoating.pl\/fr\/wp-json\/wp\/v2\/product_cat?post=12884"},{"taxonomy":"product_tag","embeddable":true,"href":"https:\/\/dirigocoating.pl\/fr\/wp-json\/wp\/v2\/product_tag?post=12884"}],"curies":[{"name":"wp","href":"https:\/\/api.w.org\/{rel}","templated":true}]}}