{"id":12888,"date":"2025-06-05T12:21:20","date_gmt":"2025-06-05T12:21:20","guid":{"rendered":"https:\/\/dirigocoating.pl\/produkt\/3919s-prepsol-2\/"},"modified":"2025-06-05T12:21:20","modified_gmt":"2025-06-05T12:21:20","slug":"3919s-prepsol-2","status":"publish","type":"product","link":"https:\/\/dirigocoating.pl\/fr\/produit\/3919s-prepsol-2\/","title":{"rendered":"3919S Prepsol"},"content":{"rendered":"<p><span>\u00c9limine les impuret\u00e9s insolubles dans l&rsquo;eau telles que la cire, les p\u00e2tes, le goudron, les silicones et les graisses des anciennes finitions.<\/span><\/p>\n<p><a class=\"wgl-button btn-size-sm \" role=\"button\" href=\"https:\/\/dirigocoating.pl\/wp-content\/uploads\/2025\/07\/EN-3919S.pdf\">TDS<\/a><\/p>\n","protected":false},"excerpt":{"rendered":"<ul>\n<li>M\u00e9lange libre de solvants d\u00e9velopp\u00e9 pour \u00e9liminer les contaminations lourdes avant la pr\u00e9paration de la surface.<\/li>\n<li>Composition \u00e0 base de solvants aromatiques et aliphatiques.<\/li>\n<\/ul>\n","protected":false},"featured_media":9791,"template":"","meta":[],"product_brand":[],"product_cat":[423,433],"product_tag":[471],"class_list":{"0":"post-12888","1":"product","2":"type-product","3":"status-publish","4":"has-post-thumbnail","6":"product_cat-maritime","7":"product_cat-produits-de-nettoyage","8":"product_tag-produits-auxiliaires-fr","10":"first","11":"instock","12":"shipping-taxable","13":"product-type-simple"},"_links":{"self":[{"href":"https:\/\/dirigocoating.pl\/fr\/wp-json\/wp\/v2\/product\/12888"}],"collection":[{"href":"https:\/\/dirigocoating.pl\/fr\/wp-json\/wp\/v2\/product"}],"about":[{"href":"https:\/\/dirigocoating.pl\/fr\/wp-json\/wp\/v2\/types\/product"}],"wp:featuredmedia":[{"embeddable":true,"href":"https:\/\/dirigocoating.pl\/fr\/wp-json\/wp\/v2\/media\/9791"}],"wp:attachment":[{"href":"https:\/\/dirigocoating.pl\/fr\/wp-json\/wp\/v2\/media?parent=12888"}],"wp:term":[{"taxonomy":"product_brand","embeddable":true,"href":"https:\/\/dirigocoating.pl\/fr\/wp-json\/wp\/v2\/product_brand?post=12888"},{"taxonomy":"product_cat","embeddable":true,"href":"https:\/\/dirigocoating.pl\/fr\/wp-json\/wp\/v2\/product_cat?post=12888"},{"taxonomy":"product_tag","embeddable":true,"href":"https:\/\/dirigocoating.pl\/fr\/wp-json\/wp\/v2\/product_tag?post=12888"}],"curies":[{"name":"wp","href":"https:\/\/api.w.org\/{rel}","templated":true}]}}