{"id":12890,"date":"2025-06-05T12:23:22","date_gmt":"2025-06-05T12:23:22","guid":{"rendered":"https:\/\/dirigocoating.pl\/produkt\/diluant-ep-th80\/"},"modified":"2025-09-18T09:36:35","modified_gmt":"2025-09-18T09:36:35","slug":"diluant-ep-th80","status":"publish","type":"product","link":"https:\/\/dirigocoating.pl\/fr\/produit\/diluant-ep-th80\/","title":{"rendered":"Diluant EP TH80"},"content":{"rendered":"<ul>\n<li>Produit nettoyant qui \u00e9limine les contaminations insolubles dans l&rsquo;eau, telles que les agents antiadh\u00e9sifs, et \u00e9limine de petites quantit\u00e9s de graisse et d&rsquo;huile.<\/li>\n<li>Peut \u00e9galement \u00eatre utilis\u00e9 comme diluant pour le mastic pulv\u00e9risable DP3330 et les appr\u00eats \u00e9poxy DP8130 et DP8140 (voir les TDS sp\u00e9cifiques).<\/li>\n<\/ul>\n<p><a class=\"wgl-button btn-size-sm \" role=\"button\" href=\"https:\/\/dirigocoating.pl\/wp-content\/uploads\/2025\/07\/EN-TH80.pdf\">TDS<\/a><\/p>\n","protected":false},"excerpt":{"rendered":"<ul>\n<li>M\u00e9lange de solvants d\u00e9velopp\u00e9 pour \u00e9liminer les agents antiadh\u00e9sifs et autres contaminations de surface des plastiques.<\/li>\n<li>Composition \u00e0 base d&rsquo;un m\u00e9lange de solvants aromatiques et alcooliques.<\/li>\n<\/ul>\n","protected":false},"featured_media":9796,"template":"","meta":[],"product_brand":[],"product_cat":[423,433],"product_tag":[471],"class_list":{"0":"post-12890","1":"product","2":"type-product","3":"status-publish","4":"has-post-thumbnail","6":"product_cat-maritime","7":"product_cat-produits-de-nettoyage","8":"product_tag-produits-auxiliaires-fr","10":"first","11":"instock","12":"shipping-taxable","13":"product-type-simple"},"_links":{"self":[{"href":"https:\/\/dirigocoating.pl\/fr\/wp-json\/wp\/v2\/product\/12890"}],"collection":[{"href":"https:\/\/dirigocoating.pl\/fr\/wp-json\/wp\/v2\/product"}],"about":[{"href":"https:\/\/dirigocoating.pl\/fr\/wp-json\/wp\/v2\/types\/product"}],"wp:featuredmedia":[{"embeddable":true,"href":"https:\/\/dirigocoating.pl\/fr\/wp-json\/wp\/v2\/media\/9796"}],"wp:attachment":[{"href":"https:\/\/dirigocoating.pl\/fr\/wp-json\/wp\/v2\/media?parent=12890"}],"wp:term":[{"taxonomy":"product_brand","embeddable":true,"href":"https:\/\/dirigocoating.pl\/fr\/wp-json\/wp\/v2\/product_brand?post=12890"},{"taxonomy":"product_cat","embeddable":true,"href":"https:\/\/dirigocoating.pl\/fr\/wp-json\/wp\/v2\/product_cat?post=12890"},{"taxonomy":"product_tag","embeddable":true,"href":"https:\/\/dirigocoating.pl\/fr\/wp-json\/wp\/v2\/product_tag?post=12890"}],"curies":[{"name":"wp","href":"https:\/\/api.w.org\/{rel}","templated":true}]}}