{"id":12892,"date":"2025-06-05T12:24:18","date_gmt":"2025-06-05T12:24:18","guid":{"rendered":"https:\/\/dirigocoating.pl\/produkt\/th39-degraissant-a-base-deau\/"},"modified":"2025-06-05T12:24:18","modified_gmt":"2025-06-05T12:24:18","slug":"th39-degraissant-a-base-deau","status":"publish","type":"product","link":"https:\/\/dirigocoating.pl\/fr\/produit\/th39-degraissant-a-base-deau\/","title":{"rendered":"TH39 D\u00e9graissant \u00e0 base d&rsquo;eau"},"content":{"rendered":"<p><span>\u00c9limine les impuret\u00e9s des anciens rev\u00eatements et des surfaces pr\u00e9par\u00e9es pour obtenir une surface parfaitement nettoy\u00e9e avant l&rsquo;application de l&rsquo;appr\u00eat ou de la peinture de finition.<\/span><\/p>\n<p><a class=\"wgl-button btn-size-sm \" role=\"button\" href=\"https:\/\/dirigocoating.pl\/wp-content\/uploads\/2025\/07\/EN-TH39.pdf\">TDS<\/a><\/p>\n","protected":false},"excerpt":{"rendered":"<ul>\n<li>M\u00e9lange d&rsquo;eau et de solvants d\u00e9velopp\u00e9 pour le nettoyage et le d\u00e9graissage avant la pr\u00e9paration de la surface et avant l&rsquo;application d&rsquo;appr\u00eats ou de peintures de finition.<\/li>\n<li>Composition \u00e0 base d&rsquo;eau et d&rsquo;\u00e9thers glycoliques.<\/li>\n<\/ul>\n","protected":false},"featured_media":9801,"template":"","meta":[],"product_brand":[],"product_cat":[423,433],"product_tag":[471],"class_list":{"0":"post-12892","1":"product","2":"type-product","3":"status-publish","4":"has-post-thumbnail","6":"product_cat-maritime","7":"product_cat-produits-de-nettoyage","8":"product_tag-produits-auxiliaires-fr","10":"first","11":"instock","12":"shipping-taxable","13":"product-type-simple"},"_links":{"self":[{"href":"https:\/\/dirigocoating.pl\/fr\/wp-json\/wp\/v2\/product\/12892"}],"collection":[{"href":"https:\/\/dirigocoating.pl\/fr\/wp-json\/wp\/v2\/product"}],"about":[{"href":"https:\/\/dirigocoating.pl\/fr\/wp-json\/wp\/v2\/types\/product"}],"wp:featuredmedia":[{"embeddable":true,"href":"https:\/\/dirigocoating.pl\/fr\/wp-json\/wp\/v2\/media\/9801"}],"wp:attachment":[{"href":"https:\/\/dirigocoating.pl\/fr\/wp-json\/wp\/v2\/media?parent=12892"}],"wp:term":[{"taxonomy":"product_brand","embeddable":true,"href":"https:\/\/dirigocoating.pl\/fr\/wp-json\/wp\/v2\/product_brand?post=12892"},{"taxonomy":"product_cat","embeddable":true,"href":"https:\/\/dirigocoating.pl\/fr\/wp-json\/wp\/v2\/product_cat?post=12892"},{"taxonomy":"product_tag","embeddable":true,"href":"https:\/\/dirigocoating.pl\/fr\/wp-json\/wp\/v2\/product_tag?post=12892"}],"curies":[{"name":"wp","href":"https:\/\/api.w.org\/{rel}","templated":true}]}}