{"id":12894,"date":"2025-06-06T10:38:27","date_gmt":"2025-06-06T10:38:27","guid":{"rendered":"https:\/\/dirigocoating.pl\/produkt\/percotop-cs388-percotop-cs388r\/"},"modified":"2025-09-18T09:57:14","modified_gmt":"2025-09-18T09:57:14","slug":"percotop-cs388-percotop-cs388r","status":"publish","type":"product","link":"https:\/\/dirigocoating.pl\/fr\/produit\/percotop-cs388-percotop-cs388r\/","title":{"rendered":"PercoTop CS388 \/ PercoTop CS388R"},"content":{"rendered":"<ul>\n<li data-start=\"25\" data-end=\"51\">\n<p data-start=\"27\" data-end=\"51\">Excellente adh\u00e9rence<\/p>\n<\/li>\n<li data-start=\"52\" data-end=\"75\">\n<p data-start=\"54\" data-end=\"75\">R\u00e9sistance \u00e0 l&rsquo;humidit\u00e9<\/p>\n<\/li>\n<li data-start=\"76\" data-end=\"120\">\n<p data-start=\"78\" data-end=\"120\">Protection anticorrosion sur de nombreux substrats<\/p>\n<\/li>\n<li data-start=\"121\" data-end=\"164\">\n<p data-start=\"123\" data-end=\"164\">Ne jaunit pas et utilise un bioactivateur<\/p>\n<\/li>\n<li data-start=\"165\" data-end=\"204\">\n<p data-start=\"167\" data-end=\"204\">Possibilit\u00e9 d&rsquo;application en couche \u00e9paisse<\/p>\n<\/li>\n<li data-start=\"205\" data-end=\"252\">\n<p data-start=\"207\" data-end=\"252\">Possibilit\u00e9 d&rsquo;application \u00ab\u00a0humide sur humide\u00a0\u00bb<\/p>\n<\/li>\n<li data-start=\"253\" data-end=\"276\" data-is-last-node=\"\">\n<p data-start=\"255\" data-end=\"276\" data-is-last-node=\"\">Possibilit\u00e9 de pon\u00e7age<\/p>\n<\/li>\n<\/ul>\n<p><a class=\"wgl-button btn-size-sm \" role=\"button\" href=\"https:\/\/dirigocoating.pl\/wp-content\/uploads\/2025\/07\/EN-CS388-RAIL.pdf\">TDS<\/a><\/p>\n","protected":false},"excerpt":{"rendered":"<p><span>PercoTop\u00ae SupraSand 2K High Build EP Primer est un appr\u00eat bicomposant \u00e0 base de r\u00e9sines \u00e9poxy, r\u00e9sistant aux produits chimiques, sans chromate de zinc et \u00e0 base de solvant.<\/span><\/p>\n","protected":false},"featured_media":9861,"template":"","meta":[],"product_brand":[],"product_cat":[422],"product_tag":[469,475,492],"class_list":{"0":"post-12894","1":"product","2":"type-product","3":"status-publish","4":"has-post-thumbnail","6":"product_cat-rail-fr","7":"product_tag-peinture-dappret","8":"product_tag-solvant","9":"product_tag-solvent-filler","11":"first","12":"instock","13":"shipping-taxable","14":"product-type-simple"},"_links":{"self":[{"href":"https:\/\/dirigocoating.pl\/fr\/wp-json\/wp\/v2\/product\/12894"}],"collection":[{"href":"https:\/\/dirigocoating.pl\/fr\/wp-json\/wp\/v2\/product"}],"about":[{"href":"https:\/\/dirigocoating.pl\/fr\/wp-json\/wp\/v2\/types\/product"}],"wp:featuredmedia":[{"embeddable":true,"href":"https:\/\/dirigocoating.pl\/fr\/wp-json\/wp\/v2\/media\/9861"}],"wp:attachment":[{"href":"https:\/\/dirigocoating.pl\/fr\/wp-json\/wp\/v2\/media?parent=12894"}],"wp:term":[{"taxonomy":"product_brand","embeddable":true,"href":"https:\/\/dirigocoating.pl\/fr\/wp-json\/wp\/v2\/product_brand?post=12894"},{"taxonomy":"product_cat","embeddable":true,"href":"https:\/\/dirigocoating.pl\/fr\/wp-json\/wp\/v2\/product_cat?post=12894"},{"taxonomy":"product_tag","embeddable":true,"href":"https:\/\/dirigocoating.pl\/fr\/wp-json\/wp\/v2\/product_tag?post=12894"}],"curies":[{"name":"wp","href":"https:\/\/api.w.org\/{rel}","templated":true}]}}