{"id":12898,"date":"2025-06-05T09:58:06","date_gmt":"2025-06-05T09:58:06","guid":{"rendered":"https:\/\/dirigocoating.pl\/produkt\/basecoat-imron-marine-2\/"},"modified":"2025-06-05T09:58:06","modified_gmt":"2025-06-05T09:58:06","slug":"basecoat-imron-marine-2","status":"publish","type":"product","link":"https:\/\/dirigocoating.pl\/fr\/produit\/basecoat-imron-marine-2\/","title":{"rendered":"Basecoat Imron Marine"},"content":{"rendered":"<ul class=\"wp-block-list\">\n<li>Peinture de base 2K \u00e0 teneur moyenne en mati\u00e8res solides pour le recouvrement avec vernis incolore, disponible en couleurs unies, m\u00e9tallis\u00e9es et nacr\u00e9es. Convient pour une utilisation sur les yachts et les bateaux de plaisance.\n<\/li>\n<li>Composition \u00e0 base de copolym\u00e8re acrylique<\/li>\n<li><span>Garantit une facilit\u00e9 d&rsquo;application<\/span><\/li>\n<li>Excellente couverture, l&rsquo;\u00e9quilibre de couverture garantit des \u00e9conomies significatives de temps d&rsquo;application et de consommation.<\/li>\n<\/ul>\n<table>\n<tbody>\n<tr>\n<td>COV<\/td>\n<td>669 &#8211; 742 g\/l<\/td>\n<\/tr>\n<tr>\n<td>Nombre de couches<\/td>\n<td>2 &#8211; 3<\/td>\n<\/tr>\n<tr>\n<td>DFT:<\/td>\n<td>5 &#8211; 30 \u03bc<\/td>\n<\/tr>\n<\/tbody>\n<\/table>\n<p><a class=\"wgl-button btn-size-sm \" role=\"button\" href=\"https:\/\/dirigocoating.pl\/wp-content\/uploads\/2025\/07\/EN-BASE.pdf\">TDS<\/a><\/p>\n","protected":false},"excerpt":{"rendered":"<p><span>Peinture de base polyur\u00e9thane pour applications nautiques. Cette peinture de base de la plus haute qualit\u00e9 a \u00e9t\u00e9 con\u00e7ue pour la durabilit\u00e9 et les performances, avec sa gamme de couleurs unies aux m\u00e9tallis\u00e9es effets, elle est consid\u00e9r\u00e9e comme une r\u00e9f\u00e9rence dans l&rsquo;industrie. Imron Marine Basecoat peut \u00eatre poli et r\u00e9par\u00e9 localement. Il est disponible dans un syst\u00e8me m\u00e9langeable en couleurs unies, m\u00e9tallis\u00e9es et nacr\u00e9es. Recommand\u00e9 pour les applications au-dessus de la ligne de flottaison.    <\/span><\/p>\n","protected":false},"featured_media":10026,"template":"","meta":[],"product_brand":[],"product_cat":[423],"product_tag":[498],"class_list":{"0":"post-12898","1":"product","2":"type-product","3":"status-publish","4":"has-post-thumbnail","6":"product_cat-maritime","7":"product_tag-vernis-de-base","9":"first","10":"instock","11":"shipping-taxable","12":"product-type-simple"},"_links":{"self":[{"href":"https:\/\/dirigocoating.pl\/fr\/wp-json\/wp\/v2\/product\/12898"}],"collection":[{"href":"https:\/\/dirigocoating.pl\/fr\/wp-json\/wp\/v2\/product"}],"about":[{"href":"https:\/\/dirigocoating.pl\/fr\/wp-json\/wp\/v2\/types\/product"}],"wp:featuredmedia":[{"embeddable":true,"href":"https:\/\/dirigocoating.pl\/fr\/wp-json\/wp\/v2\/media\/10026"}],"wp:attachment":[{"href":"https:\/\/dirigocoating.pl\/fr\/wp-json\/wp\/v2\/media?parent=12898"}],"wp:term":[{"taxonomy":"product_brand","embeddable":true,"href":"https:\/\/dirigocoating.pl\/fr\/wp-json\/wp\/v2\/product_brand?post=12898"},{"taxonomy":"product_cat","embeddable":true,"href":"https:\/\/dirigocoating.pl\/fr\/wp-json\/wp\/v2\/product_cat?post=12898"},{"taxonomy":"product_tag","embeddable":true,"href":"https:\/\/dirigocoating.pl\/fr\/wp-json\/wp\/v2\/product_tag?post=12898"}],"curies":[{"name":"wp","href":"https:\/\/api.w.org\/{rel}","templated":true}]}}