{"id":12902,"date":"2025-06-05T10:11:28","date_gmt":"2025-06-05T10:11:28","guid":{"rendered":"https:\/\/dirigocoating.pl\/produkt\/dp6940-imron-super-flow-hs-vernis-incolore\/"},"modified":"2025-06-05T10:11:28","modified_gmt":"2025-06-05T10:11:28","slug":"dp6940-imron-super-flow-hs-vernis-incolore","status":"publish","type":"product","link":"https:\/\/dirigocoating.pl\/fr\/produit\/dp6940-imron-super-flow-hs-vernis-incolore\/","title":{"rendered":"DP6940 Imron\u00ae Super Flow HS Vernis incolore"},"content":{"rendered":"<ul>\n<li>Combine une application tr\u00e8s facile avec un faible risque de coulures.<\/li>\n<li>Offre une finition lisse et r\u00e9sistante et poss\u00e8de des propri\u00e9t\u00e9s de s\u00e9chage tr\u00e8s rapides.<\/li>\n<li>Il offre une excellente r\u00e9sistance aux coulures, aux produits chimiques et aux conditions atmosph\u00e9riques.<\/li>\n<\/ul>\n<table>\n<tbody>\n<tr>\n<td><strong>COV<\/strong><\/td>\n<td>499 &#8211; 533 g\/l<\/td>\n<\/tr>\n<tr>\n<td><strong>Nombre de couches:<\/strong><\/td>\n<td>2<\/td>\n<\/tr>\n<tr>\n<td><strong>DFS<\/strong><\/td>\n<td>de 50 \u00e0 70 \u03bcm<\/td>\n<\/tr>\n<\/tbody>\n<\/table>\n<p><a class=\"wgl-button btn-size-sm \" role=\"button\" href=\"https:\/\/dirigocoating.pl\/wp-content\/uploads\/2025\/07\/EN-DP6940.pdf\">TDS<\/a><\/p>\n","protected":false},"excerpt":{"rendered":"<ul>\n<li>Vernis incolore bicomposant \u00e0 faible teneur en mati\u00e8res solides et faibles \u00e9missions, bas\u00e9 sur une technologie de r\u00e9sine, \u00e0 utiliser dans un syst\u00e8me avec peinture de base.<\/li>\n<li>Composition \u00e0 base de copolym\u00e8re acrylique.<\/li>\n<\/ul>\n","protected":false},"featured_media":10051,"template":"","meta":[],"product_brand":[],"product_cat":[423],"product_tag":[455],"class_list":{"0":"post-12902","1":"product","2":"type-product","3":"status-publish","4":"has-post-thumbnail","6":"product_cat-maritime","7":"product_tag-vernis-transparents","9":"first","10":"instock","11":"shipping-taxable","12":"product-type-simple"},"_links":{"self":[{"href":"https:\/\/dirigocoating.pl\/fr\/wp-json\/wp\/v2\/product\/12902"}],"collection":[{"href":"https:\/\/dirigocoating.pl\/fr\/wp-json\/wp\/v2\/product"}],"about":[{"href":"https:\/\/dirigocoating.pl\/fr\/wp-json\/wp\/v2\/types\/product"}],"wp:featuredmedia":[{"embeddable":true,"href":"https:\/\/dirigocoating.pl\/fr\/wp-json\/wp\/v2\/media\/10051"}],"wp:attachment":[{"href":"https:\/\/dirigocoating.pl\/fr\/wp-json\/wp\/v2\/media?parent=12902"}],"wp:term":[{"taxonomy":"product_brand","embeddable":true,"href":"https:\/\/dirigocoating.pl\/fr\/wp-json\/wp\/v2\/product_brand?post=12902"},{"taxonomy":"product_cat","embeddable":true,"href":"https:\/\/dirigocoating.pl\/fr\/wp-json\/wp\/v2\/product_cat?post=12902"},{"taxonomy":"product_tag","embeddable":true,"href":"https:\/\/dirigocoating.pl\/fr\/wp-json\/wp\/v2\/product_tag?post=12902"}],"curies":[{"name":"wp","href":"https:\/\/api.w.org\/{rel}","templated":true}]}}