{"id":12904,"date":"2025-06-05T09:12:42","date_gmt":"2025-06-05T09:12:42","guid":{"rendered":"https:\/\/dirigocoating.pl\/produkt\/dp4101-dp4104-hs-appret-de-remplissage\/"},"modified":"2025-06-05T09:12:42","modified_gmt":"2025-06-05T09:12:42","slug":"dp4101-dp4104-hs-appret-de-remplissage","status":"publish","type":"product","link":"https:\/\/dirigocoating.pl\/fr\/produit\/dp4101-dp4104-hs-appret-de-remplissage\/","title":{"rendered":"DP4101\/DP4104 HS Appr\u00eat de remplissage"},"content":{"rendered":"<p><strong>Propri\u00e9t\u00e9s<\/strong><\/p>\n<p>&nbsp;<\/p>\n<ul>\n<li>Teneur en solides tr\u00e8s \u00e9lev\u00e9e &#8211; technologie \u00e0 faible teneur en COV: meilleur remplissage, m\u00eame construction avec moins de couches, entra\u00eenant une consommation r\u00e9duite.<\/li>\n<li>Moins de solvant que les appr\u00eats conventionnels 2K \u00e0 haute teneur en mati\u00e8res solides.<\/li>\n<li>Excellent pour le pon\u00e7age \u00e0 sec et \u00e0 l&rsquo;eau.<\/li>\n<li>Excellente tenue de la peinture de finition.<\/li>\n<li>Peut \u00eatre recouvert avec toutes les peintures de finition Imron\u00ae Marine.<\/li>\n<\/ul>\n<div class=\"wp-block-column\">\n<table>\n<tbody>\n<tr>\n<td><strong>COV<\/strong><\/td>\n<td>455 \u2013 480 g\/l<\/td>\n<\/tr>\n<tr>\n<td><strong>Nombre de couches<\/strong><\/td>\n<td>1-3 Appr\u00eat de surfa\u00e7age \/ Haute Densit\u00e9 1-5<\/td>\n<\/tr>\n<tr>\n<td><strong>DFS<\/strong><\/td>\n<td>60 &#8211; 80 \u03bc\/coat<\/td>\n<\/tr>\n<\/tbody>\n<\/table>\n<\/div>\n<p><a class=\"wgl-button btn-size-sm \" role=\"button\" href=\"https:\/\/dirigocoating.pl\/wp-content\/uploads\/2025\/07\/EN-DP4104.pdf\">TDS<\/a><\/p>\n","protected":false},"excerpt":{"rendered":"<ul>\n<li>Appr\u00eat High Solids bicomposant avec 2 m\u00e9thodes d&rsquo;application:<\/li>\n<li>Appr\u00eat de fond<\/li>\n<li>Appr\u00eat de fond \u00e0 haute densit\u00e9<\/li>\n<li>Couleur: blanc DP4101, gris DP4104.<\/li>\n<li>Composition \u00e0 base d&rsquo;acrylique hydroxyle fonctionnel sp\u00e9cial.<\/li>\n<\/ul>\n","protected":false},"featured_media":10831,"template":"","meta":[],"product_brand":[],"product_cat":[423],"product_tag":[469],"class_list":{"0":"post-12904","1":"product","2":"type-product","3":"status-publish","4":"has-post-thumbnail","6":"product_cat-maritime","7":"product_tag-peinture-dappret","9":"first","10":"instock","11":"shipping-taxable","12":"product-type-simple"},"_links":{"self":[{"href":"https:\/\/dirigocoating.pl\/fr\/wp-json\/wp\/v2\/product\/12904"}],"collection":[{"href":"https:\/\/dirigocoating.pl\/fr\/wp-json\/wp\/v2\/product"}],"about":[{"href":"https:\/\/dirigocoating.pl\/fr\/wp-json\/wp\/v2\/types\/product"}],"wp:featuredmedia":[{"embeddable":true,"href":"https:\/\/dirigocoating.pl\/fr\/wp-json\/wp\/v2\/media\/10831"}],"wp:attachment":[{"href":"https:\/\/dirigocoating.pl\/fr\/wp-json\/wp\/v2\/media?parent=12904"}],"wp:term":[{"taxonomy":"product_brand","embeddable":true,"href":"https:\/\/dirigocoating.pl\/fr\/wp-json\/wp\/v2\/product_brand?post=12904"},{"taxonomy":"product_cat","embeddable":true,"href":"https:\/\/dirigocoating.pl\/fr\/wp-json\/wp\/v2\/product_cat?post=12904"},{"taxonomy":"product_tag","embeddable":true,"href":"https:\/\/dirigocoating.pl\/fr\/wp-json\/wp\/v2\/product_tag?post=12904"}],"curies":[{"name":"wp","href":"https:\/\/api.w.org\/{rel}","templated":true}]}}