{"id":12909,"date":"2025-06-05T09:10:13","date_gmt":"2025-06-05T09:10:13","guid":{"rendered":"https:\/\/dirigocoating.pl\/produkt\/dp8140-appret-universel\/"},"modified":"2026-01-08T08:07:23","modified_gmt":"2026-01-08T08:07:23","slug":"dp8140-appret-universel","status":"publish","type":"product","link":"https:\/\/dirigocoating.pl\/fr\/produit\/dp8140-appret-universel\/","title":{"rendered":"DP8140 Appr\u00eat Universel"},"content":{"rendered":"<ul>\n<li>Excellente r\u00e9sistance \u00e0 la corrosion et aux produits chimiques.<\/li>\n<li>Excellente adh\u00e9rence aux substrats m\u00e9talliques correctement pr\u00e9par\u00e9s.<\/li>\n<li>Excellent appr\u00eat pour pr\u00e9venir l&rsquo;osmose du gelcoat et la formation de bulles.<\/li>\n<li>Recommand\u00e9 comme premi\u00e8re couche sur les nouvelles constructions en acier.<\/li>\n<li>Excellentes propri\u00e9t\u00e9s de remplissage. Convient pour une utilisation sur des substrats rugueux, tels que les m\u00e9taux sabl\u00e9s. <\/li>\n<li>Haute r\u00e9sistance \u00e0 l&rsquo;humidit\u00e9 et tr\u00e8s bonne flexibilit\u00e9.<\/li>\n<li>Recommand\u00e9 comme appr\u00eat pour tous les syst\u00e8mes Imron\u00ae Marine.<\/li>\n<\/ul>\n<div class=\"wp-block-column\">\n<figure class=\"wp-block-table is-style-stripes\">\n<table>\n<tbody>\n<tr>\n<td><strong>VOC<\/strong><\/td>\n<td>476 &#8211; 511 g\/l<\/td>\n<\/tr>\n<tr>\n<td><strong>Number of coats<\/strong><\/td>\n<td>2 &#8211; 4<\/td>\n<\/tr>\n<tr>\n<td><strong>DFS<\/strong><\/td>\n<td>80 &#8211; 225 \u03bc<\/td>\n<\/tr>\n<\/tbody>\n<\/table>\n<\/figure>\n<\/div>\n<p><a class=\"wgl-button btn-size-sm \" role=\"button\" href=\"https:\/\/dirigocoating.pl\/wp-content\/uploads\/2026\/01\/EN-DP8140.4.pdf\">TDS<\/a><\/p>\n","protected":false},"excerpt":{"rendered":"<ul>\n<li>Appr\u00eat universel \u00e9poxy bicomposant sans chrome Imron\u00ae Marine.<\/li>\n<li>Appr\u00eat id\u00e9al pour une utilisation au-dessus et au-dessous de la ligne de flottaison des yachts et bateaux de plaisance.<\/li>\n<li>Couleur: gris.<\/li>\n<li>Composition \u00e0 base de r\u00e9sine \u00e9poxy.<\/li>\n<\/ul>\n","protected":false},"featured_media":10061,"template":"","meta":[],"product_brand":[],"product_cat":[423],"product_tag":[469],"class_list":{"0":"post-12909","1":"product","2":"type-product","3":"status-publish","4":"has-post-thumbnail","6":"product_cat-maritime","7":"product_tag-peinture-dappret","9":"first","10":"instock","11":"shipping-taxable","12":"product-type-simple"},"_links":{"self":[{"href":"https:\/\/dirigocoating.pl\/fr\/wp-json\/wp\/v2\/product\/12909"}],"collection":[{"href":"https:\/\/dirigocoating.pl\/fr\/wp-json\/wp\/v2\/product"}],"about":[{"href":"https:\/\/dirigocoating.pl\/fr\/wp-json\/wp\/v2\/types\/product"}],"wp:featuredmedia":[{"embeddable":true,"href":"https:\/\/dirigocoating.pl\/fr\/wp-json\/wp\/v2\/media\/10061"}],"wp:attachment":[{"href":"https:\/\/dirigocoating.pl\/fr\/wp-json\/wp\/v2\/media?parent=12909"}],"wp:term":[{"taxonomy":"product_brand","embeddable":true,"href":"https:\/\/dirigocoating.pl\/fr\/wp-json\/wp\/v2\/product_brand?post=12909"},{"taxonomy":"product_cat","embeddable":true,"href":"https:\/\/dirigocoating.pl\/fr\/wp-json\/wp\/v2\/product_cat?post=12909"},{"taxonomy":"product_tag","embeddable":true,"href":"https:\/\/dirigocoating.pl\/fr\/wp-json\/wp\/v2\/product_tag?post=12909"}],"curies":[{"name":"wp","href":"https:\/\/api.w.org\/{rel}","templated":true}]}}