{"id":12911,"date":"2025-06-05T08:36:19","date_gmt":"2025-06-05T08:36:19","guid":{"rendered":"https:\/\/dirigocoating.pl\/produkt\/dp3360-finishig-filler\/"},"modified":"2025-06-05T08:36:19","modified_gmt":"2025-06-05T08:36:19","slug":"dp3360-finishig-filler","status":"publish","type":"product","link":"https:\/\/dirigocoating.pl\/fr\/produit\/dp3360-finishig-filler\/","title":{"rendered":"DP3360 Finishig filler"},"content":{"rendered":"<ul>\n<li>En combinaison avec le mastic DP3350 Fairing Light, il offre une solution compl\u00e8te pour transformer des surfaces irr\u00e9guli\u00e8res en plans parfaitement lisses.<\/li>\n<li>Excellentes propri\u00e9t\u00e9s de remplissage. Convient pour une utilisation sur des substrats rugueux. <\/li>\n<li>Haute r\u00e9sistance \u00e0 l&rsquo;humidit\u00e9 et tr\u00e8s bonne flexibilit\u00e9.<\/li>\n<li>Recommand\u00e9 comme mastic final pour tous les syst\u00e8mes Imron\u00ae Marine.<\/li>\n<\/ul>\n<div class=\"wp-block-column\">\n<figure class=\"wp-block-table is-style-stripes\">\n<table>\n<tbody>\n<tr>\n<td><strong>COV<\/strong><\/td>\n<td>0 g\/l<\/td>\n<\/tr>\n<tr>\n<td><strong>nombre de couches<\/strong><\/td>\n<td>1 &#8211; 2<\/td>\n<\/tr>\n<tr>\n<td><strong>DFS<\/strong><\/td>\n<td>jusqu&rsquo;\u00e0 5 mm<\/td>\n<\/tr>\n<\/tbody>\n<\/table>\n<\/figure>\n<\/div>\n<p><a class=\"wgl-button btn-size-sm \" role=\"button\" href=\"https:\/\/dirigocoating.pl\/wp-content\/uploads\/2025\/07\/EN-DP3360.pdf\">TDS<\/a><\/p>\n","protected":false},"excerpt":{"rendered":"<ul>\n<li>Mastic de finition \u00e9poxy bicomposant sans chrome Imron\u00ae Marine.<\/li>\n<li>Couleur: gris.<\/li>\n<li>Composition \u00e0 base de r\u00e9sine \u00e9poxy.<\/li>\n<\/ul>\n","protected":false},"featured_media":10036,"template":"","meta":[],"product_brand":[],"product_cat":[423],"product_tag":[477],"class_list":{"0":"post-12911","1":"product","2":"type-product","3":"status-publish","4":"has-post-thumbnail","6":"product_cat-maritime","7":"product_tag-spachtel-fr","9":"first","10":"instock","11":"shipping-taxable","12":"product-type-simple"},"_links":{"self":[{"href":"https:\/\/dirigocoating.pl\/fr\/wp-json\/wp\/v2\/product\/12911"}],"collection":[{"href":"https:\/\/dirigocoating.pl\/fr\/wp-json\/wp\/v2\/product"}],"about":[{"href":"https:\/\/dirigocoating.pl\/fr\/wp-json\/wp\/v2\/types\/product"}],"wp:featuredmedia":[{"embeddable":true,"href":"https:\/\/dirigocoating.pl\/fr\/wp-json\/wp\/v2\/media\/10036"}],"wp:attachment":[{"href":"https:\/\/dirigocoating.pl\/fr\/wp-json\/wp\/v2\/media?parent=12911"}],"wp:term":[{"taxonomy":"product_brand","embeddable":true,"href":"https:\/\/dirigocoating.pl\/fr\/wp-json\/wp\/v2\/product_brand?post=12911"},{"taxonomy":"product_cat","embeddable":true,"href":"https:\/\/dirigocoating.pl\/fr\/wp-json\/wp\/v2\/product_cat?post=12911"},{"taxonomy":"product_tag","embeddable":true,"href":"https:\/\/dirigocoating.pl\/fr\/wp-json\/wp\/v2\/product_tag?post=12911"}],"curies":[{"name":"wp","href":"https:\/\/api.w.org\/{rel}","templated":true}]}}