{"id":12913,"date":"2025-06-05T07:45:04","date_gmt":"2025-06-05T07:45:04","guid":{"rendered":"https:\/\/dirigocoating.pl\/produkt\/spray-fairing-dp3330\/"},"modified":"2025-06-05T07:45:04","modified_gmt":"2025-06-05T07:45:04","slug":"spray-fairing-dp3330","status":"publish","type":"product","link":"https:\/\/dirigocoating.pl\/fr\/produit\/spray-fairing-dp3330\/","title":{"rendered":"Spray fairing DP3330"},"content":{"rendered":"<ul>\n<li>Excellente adh\u00e9rence aux substrats correctement pr\u00e9par\u00e9s: aluminium, acier, mat\u00e9riaux composites et bois.<\/li>\n<li>En combinaison avec le mastic DP3350 Fairing Light, il offre une solution compl\u00e8te pour transformer des surfaces irr\u00e9guli\u00e8res en plans parfaitement lisses.<\/li>\n<li>Excellentes propri\u00e9t\u00e9s de remplissage. Convient pour une utilisation sur des substrats rugueux. <\/li>\n<li>Haute r\u00e9sistance \u00e0 l&rsquo;humidit\u00e9 et tr\u00e8s bonne flexibilit\u00e9.<\/li>\n<li>Recommand\u00e9 comme bon chargeur pour tous les syst\u00e8mes Imron\u00ae Marine.<\/li>\n<\/ul>\n<div class=\"wp-block-column\">\n<figure class=\"wp-block-table is-style-stripes\">\n<table>\n<tbody>\n<tr>\n<td><strong>COV<\/strong><\/td>\n<td>245 g \/l\/td&gt;<\/td>\n<\/tr>\n<tr>\n<td><strong>nombre de couches<\/strong><\/td>\n<td>2 &#8211; 4<\/td>\n<\/tr>\n<tr>\n<td><strong>DFS<\/strong><\/td>\n<td>&lt; 600 \u03bc.<\/td>\n<\/tr>\n<\/tbody>\n<\/table>\n<\/figure>\n<\/div>\n<p><a class=\"wgl-button btn-size-sm \" role=\"button\" href=\"https:\/\/dirigocoating.pl\/wp-content\/uploads\/2025\/07\/EN-DP3330.pdf\">TDS<\/a><\/p>\n","protected":false},"excerpt":{"rendered":"<ul>\n<li>Mastic pulv\u00e9risable \u00e9poxy bicomposant sans chrome Imron\u00ae Marine<\/li>\n<li>Couleur: gris.<\/li>\n<li>Composition \u00e0 base de r\u00e9sine \u00e9poxy<\/li>\n<\/ul>\n","protected":false},"featured_media":10071,"template":"","meta":[],"product_brand":[],"product_cat":[423],"product_tag":[477],"class_list":{"0":"post-12913","1":"product","2":"type-product","3":"status-publish","4":"has-post-thumbnail","6":"product_cat-maritime","7":"product_tag-spachtel-fr","9":"first","10":"instock","11":"shipping-taxable","12":"product-type-simple"},"_links":{"self":[{"href":"https:\/\/dirigocoating.pl\/fr\/wp-json\/wp\/v2\/product\/12913"}],"collection":[{"href":"https:\/\/dirigocoating.pl\/fr\/wp-json\/wp\/v2\/product"}],"about":[{"href":"https:\/\/dirigocoating.pl\/fr\/wp-json\/wp\/v2\/types\/product"}],"wp:featuredmedia":[{"embeddable":true,"href":"https:\/\/dirigocoating.pl\/fr\/wp-json\/wp\/v2\/media\/10071"}],"wp:attachment":[{"href":"https:\/\/dirigocoating.pl\/fr\/wp-json\/wp\/v2\/media?parent=12913"}],"wp:term":[{"taxonomy":"product_brand","embeddable":true,"href":"https:\/\/dirigocoating.pl\/fr\/wp-json\/wp\/v2\/product_brand?post=12913"},{"taxonomy":"product_cat","embeddable":true,"href":"https:\/\/dirigocoating.pl\/fr\/wp-json\/wp\/v2\/product_cat?post=12913"},{"taxonomy":"product_tag","embeddable":true,"href":"https:\/\/dirigocoating.pl\/fr\/wp-json\/wp\/v2\/product_tag?post=12913"}],"curies":[{"name":"wp","href":"https:\/\/api.w.org\/{rel}","templated":true}]}}