{"id":13225,"date":"2025-07-07T10:01:12","date_gmt":"2025-07-07T10:01:12","guid":{"rendered":"https:\/\/dirigocoating.pl\/produkt\/onebond-pu-power-180\/"},"modified":"2025-07-07T10:01:12","modified_gmt":"2025-07-07T10:01:12","slug":"onebond-pu-power-180","status":"publish","type":"product","link":"https:\/\/dirigocoating.pl\/fr\/produit\/onebond-pu-power-180\/","title":{"rendered":"OneBond PU POWER 180"},"content":{"rendered":"<p><strong data-start=\"515\" data-end=\"547\">ARACT\u00c9RISTIQUES PRINCIPALES DU PRODUIT<\/strong><br data-start=\"547\" data-end=\"550\">\u2022 Temps de s\u00e9curit\u00e9 de conduite : 180 min \/ 3 heures (test de choc conforme \u00e0 la norme FMVSS 212)<br data-start=\"633\" data-end=\"636\">\u2022 Long temps ouvert \u2013 35 min \u00e0 23\u00b0C 50% HR<br data-start=\"679\" data-end=\"682\">\u2022 Id\u00e9al pour les applications stationnaires (bus, camions, fourgonnettes)<br data-start=\"756\" data-end=\"759\">\u2022 Module \u00e9lev\u00e9 (apporte une rigidit\u00e9 suppl\u00e9mentaire \u00e0 la carrosserie du v\u00e9hicule)<br data-start=\"822\" data-end=\"825\">\u2022 Faible conductivit\u00e9, assure une protection anticorrosion<br data-start=\"876\" data-end=\"879\">\u2022 Force d\u2019adh\u00e9rence compl\u00e8te atteinte apr\u00e8s 24 heures<br data-start=\"927\" data-end=\"930\">\u2022 Thixotrope, ne coule pas<br data-start=\"956\" data-end=\"959\">\u2022 R\u00e9siste \u00e0 des temp\u00e9ratures jusqu\u2019\u00e0 +100\u00b0C<br data-start=\"993\" data-end=\"996\">\u2022 Sans solvant et inodore<br data-start=\"1029\" data-end=\"1032\">\u2022 Couleur noire<br data-start=\"1046\" data-end=\"1049\">\u2022 N\u00e9cessite l\u2019utilisation d\u2019un primaire pour verre (PU PRIMER 5)<br data-start=\"1096\" data-end=\"1099\">\u2022 Dur\u00e9e de conservation : 12 mois dans les emballages d\u2019origine non ouverts entre 5\u00baC et 25\u00baC<\/p>\n","protected":false},"excerpt":{"rendered":"<p>OneBond PU Power 180 offre un temps de s\u00e9curit\u00e9 de conduite de 3 heures et un temps ouvert de 35 minutes. Il est parfaitement adapt\u00e9 aux applications n\u00e9cessitant des cycles de montage plus longs, comme le remplacement stationnaire des vitrages sur les bus, camions et fourgonnettes. <\/p>\n","protected":false},"featured_media":13226,"template":"","meta":[],"product_brand":[],"product_cat":[565],"product_tag":[531,525,533],"class_list":{"0":"post-13225","1":"product","2":"type-product","3":"status-publish","4":"has-post-thumbnail","6":"product_cat-non-paint-fr","7":"product_tag-colle-fr","8":"product_tag-cv-colle-fr","9":"product_tag-kleje-do-szyb-fr","11":"first","12":"instock","13":"shipping-taxable","14":"product-type-simple"},"_links":{"self":[{"href":"https:\/\/dirigocoating.pl\/fr\/wp-json\/wp\/v2\/product\/13225"}],"collection":[{"href":"https:\/\/dirigocoating.pl\/fr\/wp-json\/wp\/v2\/product"}],"about":[{"href":"https:\/\/dirigocoating.pl\/fr\/wp-json\/wp\/v2\/types\/product"}],"wp:featuredmedia":[{"embeddable":true,"href":"https:\/\/dirigocoating.pl\/fr\/wp-json\/wp\/v2\/media\/13226"}],"wp:attachment":[{"href":"https:\/\/dirigocoating.pl\/fr\/wp-json\/wp\/v2\/media?parent=13225"}],"wp:term":[{"taxonomy":"product_brand","embeddable":true,"href":"https:\/\/dirigocoating.pl\/fr\/wp-json\/wp\/v2\/product_brand?post=13225"},{"taxonomy":"product_cat","embeddable":true,"href":"https:\/\/dirigocoating.pl\/fr\/wp-json\/wp\/v2\/product_cat?post=13225"},{"taxonomy":"product_tag","embeddable":true,"href":"https:\/\/dirigocoating.pl\/fr\/wp-json\/wp\/v2\/product_tag?post=13225"}],"curies":[{"name":"wp","href":"https:\/\/api.w.org\/{rel}","templated":true}]}}