{"id":13227,"date":"2025-07-07T09:50:22","date_gmt":"2025-07-07T09:50:22","guid":{"rendered":"https:\/\/dirigocoating.pl\/produkt\/onebond-pu-express-30\/"},"modified":"2025-07-07T09:50:22","modified_gmt":"2025-07-07T09:50:22","slug":"onebond-pu-express-30","status":"publish","type":"product","link":"https:\/\/dirigocoating.pl\/fr\/produit\/onebond-pu-express-30\/","title":{"rendered":"OneBond PU EXPRESS 30"},"content":{"rendered":"<p><strong data-start=\"231\" data-end=\"263\">CARACT\u00c9RISTIQUES PRINCIPALES DU PRODUIT <\/strong><br data-start=\"263\" data-end=\"266\"><br \/>\n  <br data-start=\"351\" data-end=\"354\">Temps de s\u00e9curit\u00e9 avant conduite : 30 min (test de collision FMVSS 212 certifi\u00e9 par T\u00dcV)<br data-start=\"417\" data-end=\"420\">Module \u00e9lev\u00e9 (apporte une rigidit\u00e9 suppl\u00e9mentaire \u00e0 la carrosserie du v\u00e9hicule)<br data-start=\"467\" data-end=\"470\">Non conducteur, offre une protection contre la corrosion<br data-start=\"518\" data-end=\"521\">Force d\u2019adh\u00e9rence maximale atteinte apr\u00e8s 24 heures<br data-start=\"556\" data-end=\"559\">Temps ouvert : 15 min \u00e0 23\u00b0C et 50% HR<br data-start=\"585\" data-end=\"588\">Thixotrope, ne coule pas<br data-start=\"622\" data-end=\"625\">R\u00e9siste \u00e0 des temp\u00e9ratures jusqu\u2019\u00e0 +100\u00b0C<br data-start=\"658\" data-end=\"661\">Sans solvants et inodore<br data-start=\"675\" data-end=\"678\">Couleur noire<br data-start=\"725\" data-end=\"728\">N\u00e9cessite l\u2019utilisation d\u2019un primaire pour verre (PU PRIMER 5)<br \/>Dur\u00e9e de conservation : 12 mois dans l\u2019emballage d\u2019origine entre 5\u00b0C et 25\u00b0C<\/p>\n","protected":false},"excerpt":{"rendered":"<p>OneBond PU Express 30 est une colle polyur\u00e9thane \u00e0 haut module, non conductrice, con\u00e7ue pour le collage du verre. Elle assure une s\u00e9curit\u00e9 de conduite apr\u00e8s 30 minutes et est certifi\u00e9e selon le test de collision FMVSS 212. Elle est recommand\u00e9e pour le remplacement des pare-brise sur les v\u00e9hicules haut de gamme.  <\/p>\n","protected":false},"featured_media":11011,"template":"","meta":[],"product_brand":[],"product_cat":[565],"product_tag":[531,525,533],"class_list":{"0":"post-13227","1":"product","2":"type-product","3":"status-publish","4":"has-post-thumbnail","6":"product_cat-non-paint-fr","7":"product_tag-colle-fr","8":"product_tag-cv-colle-fr","9":"product_tag-kleje-do-szyb-fr","11":"first","12":"instock","13":"shipping-taxable","14":"product-type-simple"},"_links":{"self":[{"href":"https:\/\/dirigocoating.pl\/fr\/wp-json\/wp\/v2\/product\/13227"}],"collection":[{"href":"https:\/\/dirigocoating.pl\/fr\/wp-json\/wp\/v2\/product"}],"about":[{"href":"https:\/\/dirigocoating.pl\/fr\/wp-json\/wp\/v2\/types\/product"}],"wp:featuredmedia":[{"embeddable":true,"href":"https:\/\/dirigocoating.pl\/fr\/wp-json\/wp\/v2\/media\/11011"}],"wp:attachment":[{"href":"https:\/\/dirigocoating.pl\/fr\/wp-json\/wp\/v2\/media?parent=13227"}],"wp:term":[{"taxonomy":"product_brand","embeddable":true,"href":"https:\/\/dirigocoating.pl\/fr\/wp-json\/wp\/v2\/product_brand?post=13227"},{"taxonomy":"product_cat","embeddable":true,"href":"https:\/\/dirigocoating.pl\/fr\/wp-json\/wp\/v2\/product_cat?post=13227"},{"taxonomy":"product_tag","embeddable":true,"href":"https:\/\/dirigocoating.pl\/fr\/wp-json\/wp\/v2\/product_tag?post=13227"}],"curies":[{"name":"wp","href":"https:\/\/api.w.org\/{rel}","templated":true}]}}