{"id":13231,"date":"2025-07-07T09:59:12","date_gmt":"2025-07-07T09:59:12","guid":{"rendered":"https:\/\/dirigocoating.pl\/produkt\/onebond-pu-fast-120\/"},"modified":"2025-07-07T09:59:12","modified_gmt":"2025-07-07T09:59:12","slug":"onebond-pu-fast-120","status":"publish","type":"product","link":"https:\/\/dirigocoating.pl\/fr\/produit\/onebond-pu-fast-120\/","title":{"rendered":"OneBond PU FAST 120"},"content":{"rendered":"<p><strong data-start=\"574\" data-end=\"606\">Caract\u00e9ristiques principales du produit<\/strong><br data-start=\"606\" data-end=\"609\">Temps de s\u00e9curit\u00e9 de conduite : 120 min \/ 2 heures (test de collision conforme \u00e0 FMVSS 212)<br data-start=\"692\" data-end=\"695\">Grande \u00e9lasticit\u00e9 \u2013 recommand\u00e9 pour les panneaux m\u00e9talliques \u00e0 paroi fine des v\u00e9hicules utilitaires<br data-start=\"785\" data-end=\"788\">Module \u00e9lev\u00e9 (assure une rigidit\u00e9 suppl\u00e9mentaire de la carrosserie du v\u00e9hicule)<br data-start=\"851\" data-end=\"854\">Faible conductivit\u00e9, garantit une protection contre la corrosion<br data-start=\"905\" data-end=\"908\">Temps ouvert : 25 min \u00e0 23\u00b0C et 50% HR<br data-start=\"943\" data-end=\"946\">Thixotrope, ne coule pas<br data-start=\"972\" data-end=\"975\">R\u00e9siste \u00e0 des temp\u00e9ratures jusqu\u2019\u00e0 +100\u00b0C<br data-start=\"1009\" data-end=\"1012\">Sans solvant et inodore<br data-start=\"1045\" data-end=\"1048\">Couleur noire<br data-start=\"1062\" data-end=\"1065\">N\u00e9cessite l\u2019utilisation d\u2019un appr\u00eat pour verre (PU PRIMER 5)<br data-start=\"1112\" data-end=\"1115\">Dur\u00e9e de conservation : 12 mois lorsqu\u2019il est stock\u00e9 dans son emballage d\u2019origine entre 5\u00baC et 25\u00baC<\/p>\n","protected":false},"excerpt":{"rendered":"<p>OneBond PU Fast 120 est une colle polyur\u00e9thane \u00e0 haute \u00e9lasticit\u00e9, id\u00e9ale pour le remplacement de pare-brise et le collage structurel de panneaux m\u00e9talliques \u00e0 paroi fine dans les v\u00e9hicules utilitaires. Elle offre un temps de s\u00e9curit\u00e9 de conduite de 2 heures et un temps ouvert de 25 minutes. Disponible en noir, en cartouches en aluminium de 310 ml.  <\/p>\n","protected":false},"featured_media":13232,"template":"","meta":[],"product_brand":[],"product_cat":[565],"product_tag":[531,525,533],"class_list":{"0":"post-13231","1":"product","2":"type-product","3":"status-publish","4":"has-post-thumbnail","6":"product_cat-non-paint-fr","7":"product_tag-colle-fr","8":"product_tag-cv-colle-fr","9":"product_tag-kleje-do-szyb-fr","11":"first","12":"instock","13":"shipping-taxable","14":"product-type-simple"},"_links":{"self":[{"href":"https:\/\/dirigocoating.pl\/fr\/wp-json\/wp\/v2\/product\/13231"}],"collection":[{"href":"https:\/\/dirigocoating.pl\/fr\/wp-json\/wp\/v2\/product"}],"about":[{"href":"https:\/\/dirigocoating.pl\/fr\/wp-json\/wp\/v2\/types\/product"}],"wp:featuredmedia":[{"embeddable":true,"href":"https:\/\/dirigocoating.pl\/fr\/wp-json\/wp\/v2\/media\/13232"}],"wp:attachment":[{"href":"https:\/\/dirigocoating.pl\/fr\/wp-json\/wp\/v2\/media?parent=13231"}],"wp:term":[{"taxonomy":"product_brand","embeddable":true,"href":"https:\/\/dirigocoating.pl\/fr\/wp-json\/wp\/v2\/product_brand?post=13231"},{"taxonomy":"product_cat","embeddable":true,"href":"https:\/\/dirigocoating.pl\/fr\/wp-json\/wp\/v2\/product_cat?post=13231"},{"taxonomy":"product_tag","embeddable":true,"href":"https:\/\/dirigocoating.pl\/fr\/wp-json\/wp\/v2\/product_tag?post=13231"}],"curies":[{"name":"wp","href":"https:\/\/api.w.org\/{rel}","templated":true}]}}