{"id":12932,"date":"2025-07-24T10:30:23","date_gmt":"2025-07-24T10:30:23","guid":{"rendered":"https:\/\/dirigocoating.pl\/dodatki\/"},"modified":"2025-09-25T07:20:26","modified_gmt":"2025-09-25T07:20:26","slug":"additivi-it","status":"publish","type":"page","link":"https:\/\/dirigocoating.pl\/it\/additivi-it\/","title":{"rendered":"Additivi"},"content":{"rendered":"\t\t<div data-elementor-type=\"wp-page\" data-elementor-id=\"12932\" class=\"elementor elementor-12932 elementor-7871\">\n\t\t\t\t<div class=\"elementor-element elementor-element-4ec8520 e-flex e-con-boxed e-con e-parent\" data-id=\"4ec8520\" data-element_type=\"container\" data-e-type=\"container\">\n\t\t\t\t\t<div class=\"e-con-inner\">\n\t\t\t\t<div class=\"elementor-element elementor-element-cc659a1 columns-4 columns-tablet-2 columns-mobile-1 elementor-widget elementor-widget-wgl-products-grid\" data-id=\"cc659a1\" data-element_type=\"widget\" data-e-type=\"widget\" data-widget_type=\"wgl-products-grid.default\">\n\t\t\t\t<div class=\"elementor-widget-container\">\n\t\t\t\t\t<section class=\"wgl_cpt_section wgl-products-grid woocommerce\"><div class=\"wgl-woocommerce-sorting\"><\/div><div class=\"wgl-products-catalog wgl-products-wrapper\"><div class=\"wgl-products container-grid fit_rows\"><div class=\"item product type-product post-12555 status-publish first instock product_cat-additivi product_tag-gloss-it has-post-thumbnail shipping-taxable product-type-simple\"><div class=\"woo_product_inner_wrapper\">            <div class=\"woo_product_image shop_media\">\r\n                <div class=\"picture no_effects\">                        <a class=\"woo_post-link\" href=\"https:\/\/dirigocoating.pl\/it\/prodotto\/percotop-cs209-gloss-agent-2k\/\"><img decoding=\"async\" src=\"https:\/\/dirigocoating.pl\/wp-content\/uploads\/2025\/07\/cs209-150x150.png\" alt=\"\" \/>                        <\/a>                <\/div>\r\n                <div class=\"wgl_woo_button_wrapper\"><a href=\"https:\/\/dirigocoating.pl\/it\/prodotto\/percotop-cs209-gloss-agent-2k\/\" aria-describedby=\"woocommerce_loop_add_to_cart_link_describedby_12555\" data-quantity=\"1\" class=\"button product_type_simple with-border\" data-product_id=\"12555\" data-product_sku=\"\" aria-label=\"Leggi di pi\u00f9 su &quot;PercoTop CS209 Gloss Agent 2K&quot;\" rel=\"nofollow\" data-success_message=\"\">Leggi tutto<\/a>\t<span id=\"woocommerce_loop_add_to_cart_link_describedby_12555\" class=\"screen-reader-text\">\n\t\t\t<\/span>\n<\/div>            <\/div><div class=\"woo_product_content\"><h2 class=\"woocommerce-loop-product__title\"><a href=\"https:\/\/dirigocoating.pl\/it\/prodotto\/percotop-cs209-gloss-agent-2k\/\" class=\"woocommerce-LoopProduct-link woocommerce-loop-product__link\">PercoTop CS209 Gloss Agent 2K<\/a><\/h2>\n<\/div><\/div><\/div><div class=\"item product type-product post-12549 status-publish instock product_cat-additivi has-post-thumbnail shipping-taxable product-type-simple\"><div class=\"woo_product_inner_wrapper\">            <div class=\"woo_product_image shop_media\">\r\n                <div class=\"picture no_effects\">                        <a class=\"woo_post-link\" href=\"https:\/\/dirigocoating.pl\/it\/prodotto\/percotop-cs230-high-bake-additive-2\/\"><img decoding=\"async\" src=\"https:\/\/dirigocoating.pl\/wp-content\/uploads\/2025\/07\/cs230-1-150x150.png\" alt=\"\" \/>                        <\/a>                <\/div>\r\n                <div class=\"wgl_woo_button_wrapper\"><a href=\"https:\/\/dirigocoating.pl\/it\/prodotto\/percotop-cs230-high-bake-additive-2\/\" aria-describedby=\"woocommerce_loop_add_to_cart_link_describedby_12549\" data-quantity=\"1\" class=\"button product_type_simple with-border\" data-product_id=\"12549\" data-product_sku=\"\" aria-label=\"Leggi di pi\u00f9 su &quot;PercoTop CS230 High bake Additive&quot;\" rel=\"nofollow\" data-success_message=\"\">Leggi tutto<\/a>\t<span id=\"woocommerce_loop_add_to_cart_link_describedby_12549\" class=\"screen-reader-text\">\n\t\t\t<\/span>\n<\/div>            <\/div><div class=\"woo_product_content\"><h2 class=\"woocommerce-loop-product__title\"><a href=\"https:\/\/dirigocoating.pl\/it\/prodotto\/percotop-cs230-high-bake-additive-2\/\" class=\"woocommerce-LoopProduct-link woocommerce-loop-product__link\">PercoTop CS230 High bake Additive<\/a><\/h2>\n<\/div><\/div><\/div><div class=\"item product type-product post-12543 status-publish instock product_cat-additivi has-post-thumbnail shipping-taxable product-type-simple\"><div class=\"woo_product_inner_wrapper\">            <div class=\"woo_product_image shop_media\">\r\n                <div class=\"picture no_effects\">                        <a class=\"woo_post-link\" href=\"https:\/\/dirigocoating.pl\/it\/prodotto\/percotop-texture-additives-2\/\"><img decoding=\"async\" src=\"https:\/\/dirigocoating.pl\/wp-content\/uploads\/2025\/07\/cs220-1-150x150.png\" alt=\"\" \/>                        <\/a>                <\/div>\r\n                <div class=\"wgl_woo_button_wrapper\"><a href=\"https:\/\/dirigocoating.pl\/it\/prodotto\/percotop-texture-additives-2\/\" aria-describedby=\"woocommerce_loop_add_to_cart_link_describedby_12543\" data-quantity=\"1\" class=\"button product_type_simple with-border\" data-product_id=\"12543\" data-product_sku=\"\" aria-label=\"Leggi di pi\u00f9 su &quot;PercoTop Texture Additives&quot;\" rel=\"nofollow\" data-success_message=\"\">Leggi tutto<\/a>\t<span id=\"woocommerce_loop_add_to_cart_link_describedby_12543\" class=\"screen-reader-text\">\n\t\t\t<\/span>\n<\/div>            <\/div><div class=\"woo_product_content\"><h2 class=\"woocommerce-loop-product__title\"><a href=\"https:\/\/dirigocoating.pl\/it\/prodotto\/percotop-texture-additives-2\/\" class=\"woocommerce-LoopProduct-link woocommerce-loop-product__link\">PercoTop Texture Additives<\/a><\/h2>\n<\/div><\/div><\/div><div class=\"item product type-product post-12627 status-publish last instock product_cat-additivi has-post-thumbnail shipping-taxable product-type-simple\"><div class=\"woo_product_inner_wrapper\">            <div class=\"woo_product_image shop_media\">\r\n                <div class=\"picture no_effects\">                        <a class=\"woo_post-link\" href=\"https:\/\/dirigocoating.pl\/it\/prodotto\/percotop-cs215-drying-accelerator-2\/\"><img decoding=\"async\" src=\"https:\/\/dirigocoating.pl\/wp-content\/uploads\/2025\/07\/KPM-1-13343-39543-3626_mid-150x150.jpg\" alt=\"\" \/>                        <\/a>                <\/div>\r\n                <div class=\"wgl_woo_button_wrapper\"><a href=\"https:\/\/dirigocoating.pl\/it\/prodotto\/percotop-cs215-drying-accelerator-2\/\" aria-describedby=\"woocommerce_loop_add_to_cart_link_describedby_12627\" data-quantity=\"1\" class=\"button product_type_simple with-border\" data-product_id=\"12627\" data-product_sku=\"\" aria-label=\"Leggi di pi\u00f9 su &quot;PercoTop CS215 Drying Accelerator&quot;\" rel=\"nofollow\" data-success_message=\"\">Leggi tutto<\/a>\t<span id=\"woocommerce_loop_add_to_cart_link_describedby_12627\" class=\"screen-reader-text\">\n\t\t\t<\/span>\n<\/div>            <\/div><div class=\"woo_product_content\"><h2 class=\"woocommerce-loop-product__title\"><a href=\"https:\/\/dirigocoating.pl\/it\/prodotto\/percotop-cs215-drying-accelerator-2\/\" class=\"woocommerce-LoopProduct-link woocommerce-loop-product__link\">PercoTop CS215 Drying Accelerator<\/a><\/h2>\n<\/div><\/div><\/div><div class=\"item product type-product post-12625 status-publish first instock product_cat-additivi has-post-thumbnail shipping-taxable product-type-simple\"><div class=\"woo_product_inner_wrapper\">            <div class=\"woo_product_image shop_media\">\r\n                <div class=\"picture no_effects\">                        <a class=\"woo_post-link\" href=\"https:\/\/dirigocoating.pl\/it\/prodotto\/percotop-cs214-multitoning-additive-2\/\"><img decoding=\"async\" src=\"https:\/\/dirigocoating.pl\/wp-content\/uploads\/2025\/07\/CS214_1-L_mid-150x150.jpg\" alt=\"\" \/>                        <\/a>                <\/div>\r\n                <div class=\"wgl_woo_button_wrapper\"><a href=\"https:\/\/dirigocoating.pl\/it\/prodotto\/percotop-cs214-multitoning-additive-2\/\" aria-describedby=\"woocommerce_loop_add_to_cart_link_describedby_12625\" data-quantity=\"1\" class=\"button product_type_simple with-border\" data-product_id=\"12625\" data-product_sku=\"\" aria-label=\"Leggi di pi\u00f9 su &quot;PercoTop CS214 Multitoning Additive&quot;\" rel=\"nofollow\" data-success_message=\"\">Leggi tutto<\/a>\t<span id=\"woocommerce_loop_add_to_cart_link_describedby_12625\" class=\"screen-reader-text\">\n\t\t\t<\/span>\n<\/div>            <\/div><div class=\"woo_product_content\"><h2 class=\"woocommerce-loop-product__title\"><a href=\"https:\/\/dirigocoating.pl\/it\/prodotto\/percotop-cs214-multitoning-additive-2\/\" class=\"woocommerce-LoopProduct-link woocommerce-loop-product__link\">PercoTop CS214 Multitoning Additive<\/a><\/h2>\n<\/div><\/div><\/div><div class=\"item product type-product post-12621 status-publish instock product_cat-additivi has-post-thumbnail shipping-taxable product-type-simple\"><div class=\"woo_product_inner_wrapper\">            <div class=\"woo_product_image shop_media\">\r\n                <div class=\"picture no_effects\">                        <a class=\"woo_post-link\" href=\"https:\/\/dirigocoating.pl\/it\/prodotto\/percotop-cs213-anti-silicone-additive-2\/\"><img decoding=\"async\" src=\"https:\/\/dirigocoating.pl\/wp-content\/uploads\/2025\/07\/CS213_1-L_mid-150x150.jpg\" alt=\"\" \/>                        <\/a>                <\/div>\r\n                <div class=\"wgl_woo_button_wrapper\"><a href=\"https:\/\/dirigocoating.pl\/it\/prodotto\/percotop-cs213-anti-silicone-additive-2\/\" aria-describedby=\"woocommerce_loop_add_to_cart_link_describedby_12621\" data-quantity=\"1\" class=\"button product_type_simple with-border\" data-product_id=\"12621\" data-product_sku=\"\" aria-label=\"Leggi di pi\u00f9 su &quot;PercoTop CS213 Anti Silicone Additive&quot;\" rel=\"nofollow\" data-success_message=\"\">Leggi tutto<\/a>\t<span id=\"woocommerce_loop_add_to_cart_link_describedby_12621\" class=\"screen-reader-text\">\n\t\t\t<\/span>\n<\/div>            <\/div><div class=\"woo_product_content\"><h2 class=\"woocommerce-loop-product__title\"><a href=\"https:\/\/dirigocoating.pl\/it\/prodotto\/percotop-cs213-anti-silicone-additive-2\/\" class=\"woocommerce-LoopProduct-link woocommerce-loop-product__link\">PercoTop CS213 Anti Silicone Additive<\/a><\/h2>\n<\/div><\/div><\/div><div class=\"item product type-product post-12617 status-publish instock product_cat-additivi has-post-thumbnail shipping-taxable product-type-simple\"><div class=\"woo_product_inner_wrapper\">            <div class=\"woo_product_image shop_media\">\r\n                <div class=\"picture no_effects\">                        <a class=\"woo_post-link\" href=\"https:\/\/dirigocoating.pl\/it\/prodotto\/percotop-cs212-sikkativ-376-2\/\"><img decoding=\"async\" src=\"https:\/\/dirigocoating.pl\/wp-content\/uploads\/2025\/07\/KPM-1-35167-125855-24886_mid_480_0_300_RGB-150x150.jpg\" alt=\"\" \/>                        <\/a>                <\/div>\r\n                <div class=\"wgl_woo_button_wrapper\"><a href=\"https:\/\/dirigocoating.pl\/it\/prodotto\/percotop-cs212-sikkativ-376-2\/\" aria-describedby=\"woocommerce_loop_add_to_cart_link_describedby_12617\" data-quantity=\"1\" class=\"button product_type_simple with-border\" data-product_id=\"12617\" data-product_sku=\"\" aria-label=\"Leggi di pi\u00f9 su &quot;PercoTop CS212 Sikkativ 376&quot;\" rel=\"nofollow\" data-success_message=\"\">Leggi tutto<\/a>\t<span id=\"woocommerce_loop_add_to_cart_link_describedby_12617\" class=\"screen-reader-text\">\n\t\t\t<\/span>\n<\/div>            <\/div><div class=\"woo_product_content\"><h2 class=\"woocommerce-loop-product__title\"><a href=\"https:\/\/dirigocoating.pl\/it\/prodotto\/percotop-cs212-sikkativ-376-2\/\" class=\"woocommerce-LoopProduct-link woocommerce-loop-product__link\">PercoTop CS212 Sikkativ 376<\/a><\/h2>\n<\/div><\/div><\/div><div class=\"item product type-product post-12613 status-publish last instock product_cat-additivi has-post-thumbnail shipping-taxable product-type-simple\"><div class=\"woo_product_inner_wrapper\">            <div class=\"woo_product_image shop_media\">\r\n                <div class=\"picture no_effects\">                        <a class=\"woo_post-link\" href=\"https:\/\/dirigocoating.pl\/it\/prodotto\/percotop-cs211-brush-n-roll-additive-2\/\"><img decoding=\"async\" src=\"https:\/\/dirigocoating.pl\/wp-content\/uploads\/2025\/07\/CS211_1-L_mid-150x150.jpg\" alt=\"\" \/>                        <\/a>                <\/div>\r\n                <div class=\"wgl_woo_button_wrapper\"><a href=\"https:\/\/dirigocoating.pl\/it\/prodotto\/percotop-cs211-brush-n-roll-additive-2\/\" aria-describedby=\"woocommerce_loop_add_to_cart_link_describedby_12613\" data-quantity=\"1\" class=\"button product_type_simple with-border\" data-product_id=\"12613\" data-product_sku=\"\" aria-label=\"Leggi di pi\u00f9 su &quot;PercoTop CS211 Brush &#039;n&#039; Roll Additive&quot;\" rel=\"nofollow\" data-success_message=\"\">Leggi tutto<\/a>\t<span id=\"woocommerce_loop_add_to_cart_link_describedby_12613\" class=\"screen-reader-text\">\n\t\t\t<\/span>\n<\/div>            <\/div><div class=\"woo_product_content\"><h2 class=\"woocommerce-loop-product__title\"><a href=\"https:\/\/dirigocoating.pl\/it\/prodotto\/percotop-cs211-brush-n-roll-additive-2\/\" class=\"woocommerce-LoopProduct-link woocommerce-loop-product__link\">PercoTop CS211 Brush &#8216;n&#8217; Roll Additive<\/a><\/h2>\n<\/div><\/div><\/div><div class=\"item product type-product post-12609 status-publish first instock product_cat-additivi has-post-thumbnail shipping-taxable product-type-simple\"><div class=\"woo_product_inner_wrapper\">            <div class=\"woo_product_image shop_media\">\r\n                <div class=\"picture no_effects\">                        <a class=\"woo_post-link\" href=\"https:\/\/dirigocoating.pl\/it\/prodotto\/percotop-cs210-elastic-additive-2\/\"><img decoding=\"async\" src=\"https:\/\/dirigocoating.pl\/wp-content\/uploads\/2025\/07\/CS210_1-L_mid-150x150.jpg\" alt=\"\" \/>                        <\/a>                <\/div>\r\n                <div class=\"wgl_woo_button_wrapper\"><a href=\"https:\/\/dirigocoating.pl\/it\/prodotto\/percotop-cs210-elastic-additive-2\/\" aria-describedby=\"woocommerce_loop_add_to_cart_link_describedby_12609\" data-quantity=\"1\" class=\"button product_type_simple with-border\" data-product_id=\"12609\" data-product_sku=\"\" aria-label=\"Leggi di pi\u00f9 su &quot;PercoTop CS210 Elastic Additive&quot;\" rel=\"nofollow\" data-success_message=\"\">Leggi tutto<\/a>\t<span id=\"woocommerce_loop_add_to_cart_link_describedby_12609\" class=\"screen-reader-text\">\n\t\t\t<\/span>\n<\/div>            <\/div><div class=\"woo_product_content\"><h2 class=\"woocommerce-loop-product__title\"><a href=\"https:\/\/dirigocoating.pl\/it\/prodotto\/percotop-cs210-elastic-additive-2\/\" class=\"woocommerce-LoopProduct-link woocommerce-loop-product__link\">PercoTop CS210 Elastic Additive<\/a><\/h2>\n<\/div><\/div><\/div><\/div><\/div><\/section>\t\t\t\t<\/div>\n\t\t\t\t<\/div>\n\t\t\t\t\t<\/div>\n\t\t\t\t<\/div>\n\t\t\t\t<\/div>\n\t\t","protected":false},"excerpt":{"rendered":"<p>Dowiedz si\u0119 wi\u0119cej PercoTop CS209 Gloss Agent 2K Dowiedz si\u0119 wi\u0119cej PercoTop CS230 High bake Additive Dowiedz si\u0119 wi\u0119cej PercoTop Texture Additives Dowiedz si\u0119 wi\u0119cej PercoTop CS215 Drying Accelerator Dowiedz si\u0119 wi\u0119cej PercoTop CS214 Multitoning Additive Dowiedz si\u0119 wi\u0119cej PercoTop CS213 Anti Silicone Additive Dowiedz si\u0119 wi\u0119cej PercoTop CS212 Sikkativ 376 Dowiedz si\u0119 wi\u0119cej PercoTop [&hellip;]<\/p>\n","protected":false},"author":1,"featured_media":0,"parent":0,"menu_order":0,"comment_status":"closed","ping_status":"closed","template":"","meta":{"footnotes":""},"class_list":["post-12932","page","type-page","status-publish","hentry"],"_links":{"self":[{"href":"https:\/\/dirigocoating.pl\/it\/wp-json\/wp\/v2\/pages\/12932"}],"collection":[{"href":"https:\/\/dirigocoating.pl\/it\/wp-json\/wp\/v2\/pages"}],"about":[{"href":"https:\/\/dirigocoating.pl\/it\/wp-json\/wp\/v2\/types\/page"}],"author":[{"embeddable":true,"href":"https:\/\/dirigocoating.pl\/it\/wp-json\/wp\/v2\/users\/1"}],"replies":[{"embeddable":true,"href":"https:\/\/dirigocoating.pl\/it\/wp-json\/wp\/v2\/comments?post=12932"}],"version-history":[{"count":2,"href":"https:\/\/dirigocoating.pl\/it\/wp-json\/wp\/v2\/pages\/12932\/revisions"}],"predecessor-version":[{"id":13076,"href":"https:\/\/dirigocoating.pl\/it\/wp-json\/wp\/v2\/pages\/12932\/revisions\/13076"}],"wp:attachment":[{"href":"https:\/\/dirigocoating.pl\/it\/wp-json\/wp\/v2\/media?parent=12932"}],"curies":[{"name":"wp","href":"https:\/\/api.w.org\/{rel}","templated":true}]}}