{"id":12543,"date":"2025-07-24T10:06:13","date_gmt":"2025-07-24T10:06:13","guid":{"rendered":"https:\/\/dirigocoating.pl\/produkt\/percotop-texture-additives-2\/"},"modified":"2025-07-24T10:06:13","modified_gmt":"2025-07-24T10:06:13","slug":"percotop-texture-additives-2","status":"publish","type":"product","link":"https:\/\/dirigocoating.pl\/it\/prodotto\/percotop-texture-additives-2\/","title":{"rendered":"PercoTop Texture Additives"},"content":{"rendered":"<ul>\n<li>PercoTop Texture Additive 200 CS220 \u00e8 l&#8217;additivo pi\u00f9 ruvido ed \u00e8 utilizzato per superfici con propriet\u00e0 antiscivolo.<\/li>\n<li>PercoTop Texture Additive 30 CS221 \u00e8 utilizzato per applicazioni architettoniche, imitando l&#8217;aspetto delle vernici in polvere opache. Pu\u00f2 essere utilizzato anche per conferire alla superficie durezza e resistenza all&#8217;abrasione. <\/li>\n<li>PercoTop Texture Additive 50 CS222 \u00e8 utilizzato per replicare l&#8217;aspetto dei rivestimenti in polvere strutturali e strutturali metallizzati, spesso utilizzati su telai di finestre e porte di garage, conferendo una superficie strutturata liscia.<\/li>\n<li>PercoTop Texture Additive 90 CS223 conferisce alla superficie una finitura pi\u00f9 ruvida.<\/li>\n<\/ul>\n<p><a class=\"wgl-button btn-size-sm \" role=\"button\" href=\"https:\/\/dirigocoating.pl\/wp-content\/uploads\/2025\/07\/EN-CS220-CS223.pdf\">TDS<\/a><\/p>\n","protected":false},"excerpt":{"rendered":"<p>CS220, CS221, CS222, CS223<\/p>\n","protected":false},"featured_media":12545,"template":"","meta":[],"product_brand":[],"product_cat":[418],"product_tag":[],"class_list":{"0":"post-12543","1":"product","2":"type-product","3":"status-publish","4":"has-post-thumbnail","6":"product_cat-additivi","8":"first","9":"instock","10":"shipping-taxable","11":"product-type-simple"},"_links":{"self":[{"href":"https:\/\/dirigocoating.pl\/it\/wp-json\/wp\/v2\/product\/12543"}],"collection":[{"href":"https:\/\/dirigocoating.pl\/it\/wp-json\/wp\/v2\/product"}],"about":[{"href":"https:\/\/dirigocoating.pl\/it\/wp-json\/wp\/v2\/types\/product"}],"wp:featuredmedia":[{"embeddable":true,"href":"https:\/\/dirigocoating.pl\/it\/wp-json\/wp\/v2\/media\/12545"}],"wp:attachment":[{"href":"https:\/\/dirigocoating.pl\/it\/wp-json\/wp\/v2\/media?parent=12543"}],"wp:term":[{"taxonomy":"product_brand","embeddable":true,"href":"https:\/\/dirigocoating.pl\/it\/wp-json\/wp\/v2\/product_brand?post=12543"},{"taxonomy":"product_cat","embeddable":true,"href":"https:\/\/dirigocoating.pl\/it\/wp-json\/wp\/v2\/product_cat?post=12543"},{"taxonomy":"product_tag","embeddable":true,"href":"https:\/\/dirigocoating.pl\/it\/wp-json\/wp\/v2\/product_tag?post=12543"}],"curies":[{"name":"wp","href":"https:\/\/api.w.org\/{rel}","templated":true}]}}