{"id":12736,"date":"2025-06-17T08:27:36","date_gmt":"2025-06-17T08:27:36","guid":{"rendered":"https:\/\/dirigocoating.pl\/produkt\/percotop-2k-hs-non-sanding-filler-cs356-2\/"},"modified":"2025-06-17T08:27:36","modified_gmt":"2025-06-17T08:27:36","slug":"percotop-2k-hs-non-sanding-filler-cs356-2","status":"publish","type":"product","link":"https:\/\/dirigocoating.pl\/it\/prodotto\/percotop-2k-hs-non-sanding-filler-cs356-2\/","title":{"rendered":"PercoTop 2K HS Non Sanding Filler CS356"},"content":{"rendered":"<p data-start=\"34\" data-end=\"52\"><strong data-start=\"34\" data-end=\"50\">Propriet\u00e0:<\/strong><\/p>\n<ul data-start=\"53\" data-end=\"416\" data-is-last-node=\"\" data-is-only-node=\"\">\n<li data-start=\"53\" data-end=\"244\">\n<p data-start=\"55\" data-end=\"244\">Grazie all\u2019ottimale distensione e alla capacit\u00e0 di assorbire l\u2019overspray, PercoTop\u00ae 2K HS Non Sanding Filler \u00e8 particolarmente raccomandato per l\u2019applicazione su grandi strutture e veicoli.<\/p>\n<\/li>\n<li data-start=\"245\" data-end=\"375\">\n<p data-start=\"247\" data-end=\"375\">PercoTop\u00ae 2K HS Non Sanding Filler pu\u00f2 essere ricoperto con lo strato di finitura senza la necessit\u00e0 di opacizzare lo strato intermedio.<\/p>\n<\/li>\n<li data-start=\"376\" data-end=\"416\" data-is-last-node=\"\">\n<p data-start=\"378\" data-end=\"416\" data-is-last-node=\"\">Formulazione a base di resina acrilica.<\/p>\n<\/li>\n<\/ul>\n<p><a class=\"wgl-button btn-size-sm \" role=\"button\" href=\"https:\/\/dirigocoating.pl\/wp-content\/uploads\/2025\/07\/EN-CS356.pdf\">TDS<\/a><\/p>\n","protected":false},"excerpt":{"rendered":"<p><span>PercoTop\u00ae 2K HS Non Sanding Filler \u00e8 un primer a base di resina acrilica ed \u00e8 un prodotto eccellente per l\u2019applicazione su grandi strutture e veicoli. Si caratterizza per l\u2019ottimale distensione ed \u00e8 un eccellente assorbitore di overspray. Questo primer riempitivo pu\u00f2 essere ricoperto con una vernice di finitura senza necessit\u00e0 di carteggiatura intermedia.  <\/span><\/p>\n","protected":false},"featured_media":10334,"template":"","meta":[],"product_brand":[],"product_cat":[430],"product_tag":[490,470],"class_list":{"0":"post-12736","1":"product","2":"type-product","3":"status-publish","4":"has-post-thumbnail","6":"product_cat-veicoli-commerciali-it","7":"product_tag-cv-primer-it","8":"product_tag-vernice-di-fondo","10":"first","11":"instock","12":"shipping-taxable","13":"product-type-simple"},"_links":{"self":[{"href":"https:\/\/dirigocoating.pl\/it\/wp-json\/wp\/v2\/product\/12736"}],"collection":[{"href":"https:\/\/dirigocoating.pl\/it\/wp-json\/wp\/v2\/product"}],"about":[{"href":"https:\/\/dirigocoating.pl\/it\/wp-json\/wp\/v2\/types\/product"}],"wp:featuredmedia":[{"embeddable":true,"href":"https:\/\/dirigocoating.pl\/it\/wp-json\/wp\/v2\/media\/10334"}],"wp:attachment":[{"href":"https:\/\/dirigocoating.pl\/it\/wp-json\/wp\/v2\/media?parent=12736"}],"wp:term":[{"taxonomy":"product_brand","embeddable":true,"href":"https:\/\/dirigocoating.pl\/it\/wp-json\/wp\/v2\/product_brand?post=12736"},{"taxonomy":"product_cat","embeddable":true,"href":"https:\/\/dirigocoating.pl\/it\/wp-json\/wp\/v2\/product_cat?post=12736"},{"taxonomy":"product_tag","embeddable":true,"href":"https:\/\/dirigocoating.pl\/it\/wp-json\/wp\/v2\/product_tag?post=12736"}],"curies":[{"name":"wp","href":"https:\/\/api.w.org\/{rel}","templated":true}]}}