{"id":12742,"date":"2025-06-17T08:44:50","date_gmt":"2025-06-17T08:44:50","guid":{"rendered":"https:\/\/dirigocoating.pl\/produkt\/percotop-cs364-hs-sanding-filler-2\/"},"modified":"2025-06-17T08:44:50","modified_gmt":"2025-06-17T08:44:50","slug":"percotop-cs364-hs-sanding-filler-2","status":"publish","type":"product","link":"https:\/\/dirigocoating.pl\/it\/prodotto\/percotop-cs364-hs-sanding-filler-2\/","title":{"rendered":"PercoTop CS364 HS Sanding Filler"},"content":{"rendered":"<p data-start=\"34\" data-end=\"52\"><strong data-start=\"34\" data-end=\"50\">Propriet\u00e0:<\/strong><\/p>\n<ul data-start=\"53\" data-end=\"342\" data-is-last-node=\"\" data-is-only-node=\"\">\n<li data-start=\"53\" data-end=\"183\">\n<p data-start=\"55\" data-end=\"183\">PercoTop\u00ae Sanding Filler CS364-365-366 \u00e8 un riempitivo a basso contenuto di solventi, a base di resine acriliche.<\/p>\n<\/li>\n<li data-start=\"184\" data-end=\"342\" data-is-last-node=\"\">\n<p data-start=\"186\" data-end=\"342\" data-is-last-node=\"\">Oltre alla facilit\u00e0 di applicazione, il prodotto si distingue per un\u2019eccellente carteggiabilit\u00e0, un\u2019ottima stabilit\u00e0 su superfici verticali e un\u2019eccezionale capacit\u00e0 di riempimento.<\/p>\n<\/li>\n<\/ul>\n<p><a class=\"wgl-button btn-size-sm \" role=\"button\" href=\"https:\/\/dirigocoating.pl\/wp-content\/uploads\/2025\/07\/2K-HS-Sanding-Filler-EN.pdf\">TDS<\/a><\/p>\n","protected":false},"excerpt":{"rendered":"<p><span>PercoTop\u00ae HS Sanding Filler CS364 \/ CS365 \/ CS366 \u00e8 un primer riempitivo a basso contenuto di solventi, a base di resine acriliche. Oltre alla facilit\u00e0 di applicazione, questo prodotto vanta eccellenti propriet\u00e0 di carteggiatura, un\u2019ottima stabilit\u00e0 su superfici verticali e un\u2019eccezionale capacit\u00e0 di riempimento. <\/span><\/p>\n","protected":false},"featured_media":10317,"template":"","meta":[],"product_brand":[],"product_cat":[430],"product_tag":[490,470],"class_list":{"0":"post-12742","1":"product","2":"type-product","3":"status-publish","4":"has-post-thumbnail","6":"product_cat-veicoli-commerciali-it","7":"product_tag-cv-primer-it","8":"product_tag-vernice-di-fondo","10":"first","11":"instock","12":"shipping-taxable","13":"product-type-simple"},"_links":{"self":[{"href":"https:\/\/dirigocoating.pl\/it\/wp-json\/wp\/v2\/product\/12742"}],"collection":[{"href":"https:\/\/dirigocoating.pl\/it\/wp-json\/wp\/v2\/product"}],"about":[{"href":"https:\/\/dirigocoating.pl\/it\/wp-json\/wp\/v2\/types\/product"}],"wp:featuredmedia":[{"embeddable":true,"href":"https:\/\/dirigocoating.pl\/it\/wp-json\/wp\/v2\/media\/10317"}],"wp:attachment":[{"href":"https:\/\/dirigocoating.pl\/it\/wp-json\/wp\/v2\/media?parent=12742"}],"wp:term":[{"taxonomy":"product_brand","embeddable":true,"href":"https:\/\/dirigocoating.pl\/it\/wp-json\/wp\/v2\/product_brand?post=12742"},{"taxonomy":"product_cat","embeddable":true,"href":"https:\/\/dirigocoating.pl\/it\/wp-json\/wp\/v2\/product_cat?post=12742"},{"taxonomy":"product_tag","embeddable":true,"href":"https:\/\/dirigocoating.pl\/it\/wp-json\/wp\/v2\/product_tag?post=12742"}],"curies":[{"name":"wp","href":"https:\/\/api.w.org\/{rel}","templated":true}]}}