{"id":12752,"date":"2025-06-17T08:22:10","date_gmt":"2025-06-17T08:22:10","guid":{"rendered":"https:\/\/dirigocoating.pl\/produkt\/percotop-2k-hs-sanding-filler-cs352-2\/"},"modified":"2025-06-17T08:22:10","modified_gmt":"2025-06-17T08:22:10","slug":"percotop-2k-hs-sanding-filler-cs352-2","status":"publish","type":"product","link":"https:\/\/dirigocoating.pl\/it\/prodotto\/percotop-2k-hs-sanding-filler-cs352-2\/","title":{"rendered":"PercoTop 2K HS Sanding Filler CS352"},"content":{"rendered":"<p>Propriet\u00e0:<\/p>\n<ul>\n<li>PercoTop\u00ae CS352 2K HS Sanding Filler \u00e8 un riempitivo a basso contenuto di solventi che, una volta carteggiato, garantisce una finitura superficiale molto liscia.<\/li>\n<li>Formulazione a base di resina poliacrilica.<\/li>\n<li>Asciuga rapidamente e pu\u00f2 essere carteggiato dopo un breve tempo di indurimento.<\/li>\n<li>Il prodotto pu\u00f2 essere utilizzato come riempitivo standard o riempitivo a strato spesso, a seconda della quantit\u00e0 di diluente aggiunta.<\/li>\n<\/ul>\n<p><a class=\"wgl-button btn-size-sm \" role=\"button\" href=\"https:\/\/dirigocoating.pl\/wp-content\/uploads\/2025\/07\/EN-CS352.pdf\">TDS<\/a><\/p>\n","protected":false},"excerpt":{"rendered":"<p><span>Riempitivo poliuretanico bicomponente ad alto contenuto di solidi. Questo primer a bassa emissione di composti volatili offre eccellenti propriet\u00e0 di riempimento e resistenza alla deformazione, ed \u00e8 molto facile da applicare. Si distingue per la facilit\u00e0 di carteggiatura e l\u2019ottimo aspetto finale delle finiture PercoTop\u00ae.  <\/span><\/p>\n","protected":false},"featured_media":10345,"template":"","meta":[],"product_brand":[],"product_cat":[430],"product_tag":[490,470],"class_list":{"0":"post-12752","1":"product","2":"type-product","3":"status-publish","4":"has-post-thumbnail","6":"product_cat-veicoli-commerciali-it","7":"product_tag-cv-primer-it","8":"product_tag-vernice-di-fondo","10":"first","11":"instock","12":"shipping-taxable","13":"product-type-simple"},"_links":{"self":[{"href":"https:\/\/dirigocoating.pl\/it\/wp-json\/wp\/v2\/product\/12752"}],"collection":[{"href":"https:\/\/dirigocoating.pl\/it\/wp-json\/wp\/v2\/product"}],"about":[{"href":"https:\/\/dirigocoating.pl\/it\/wp-json\/wp\/v2\/types\/product"}],"wp:featuredmedia":[{"embeddable":true,"href":"https:\/\/dirigocoating.pl\/it\/wp-json\/wp\/v2\/media\/10345"}],"wp:attachment":[{"href":"https:\/\/dirigocoating.pl\/it\/wp-json\/wp\/v2\/media?parent=12752"}],"wp:term":[{"taxonomy":"product_brand","embeddable":true,"href":"https:\/\/dirigocoating.pl\/it\/wp-json\/wp\/v2\/product_brand?post=12752"},{"taxonomy":"product_cat","embeddable":true,"href":"https:\/\/dirigocoating.pl\/it\/wp-json\/wp\/v2\/product_cat?post=12752"},{"taxonomy":"product_tag","embeddable":true,"href":"https:\/\/dirigocoating.pl\/it\/wp-json\/wp\/v2\/product_tag?post=12752"}],"curies":[{"name":"wp","href":"https:\/\/api.w.org\/{rel}","templated":true}]}}