{"id":12798,"date":"2025-06-16T09:48:15","date_gmt":"2025-06-16T09:48:15","guid":{"rendered":"https:\/\/dirigocoating.pl\/produkt\/percotop-2k-hs-clearcoat-cs808\/"},"modified":"2025-09-15T10:56:23","modified_gmt":"2025-09-15T10:56:23","slug":"percotop-2k-hs-clearcoat-cs808","status":"publish","type":"product","link":"https:\/\/dirigocoating.pl\/it\/prodotto\/percotop-2k-hs-clearcoat-cs808\/","title":{"rendered":"PercoTop 2K HS Clearcoat CS808"},"content":{"rendered":"<p data-start=\"0\" data-end=\"13\"><strong>Propriet\u00e0<\/strong><\/p>\n<ul data-start=\"14\" data-end=\"274\" data-is-last-node=\"\" data-is-only-node=\"\">\n<li data-start=\"14\" data-end=\"125\">\n<p data-start=\"16\" data-end=\"125\">PercoTop\u00ae CS808 2K HS Clearcoat \u00e8 un vernice trasparente universale 2K PU ad alto contenuto di solidi.<\/p>\n<\/li>\n<li data-start=\"126\" data-end=\"274\" data-is-last-node=\"\">\n<p data-start=\"128\" data-end=\"274\" data-is-last-node=\"\">Oltre alla facilit\u00e0 di applicazione, il prodotto si distingue per l&#8217;eccellente bagnatura del substrato, che si traduce in una stesura molto uniforme e una buona adesione.<\/p>\n<\/li>\n<\/ul>\n<p><a class=\"wgl-button btn-size-sm \" role=\"button\" href=\"https:\/\/dirigocoating.pl\/wp-content\/uploads\/2025\/07\/EN-CS808.pdf\">TDS<\/a><\/p>\n","protected":false},"excerpt":{"rendered":"<p><span>Vernice trasparente 2K PU ad alto contenuto di solidi. Grazie alla sua fluidit\u00e0, questo prodotto impressiona per la facilit\u00e0 di applicazione su vari substrati, l&#8217;uniformit\u00e0 della finitura e la buona adesione. <\/span><\/p>\n","protected":false},"featured_media":10553,"template":"","meta":[],"product_brand":[],"product_cat":[430],"product_tag":[493,456],"class_list":{"0":"post-12798","1":"product","2":"type-product","3":"status-publish","4":"has-post-thumbnail","6":"product_cat-veicoli-commerciali-it","7":"product_tag-cv-clearcoat","8":"product_tag-vernici-trasparenti","10":"first","11":"instock","12":"shipping-taxable","13":"product-type-simple"},"_links":{"self":[{"href":"https:\/\/dirigocoating.pl\/it\/wp-json\/wp\/v2\/product\/12798"}],"collection":[{"href":"https:\/\/dirigocoating.pl\/it\/wp-json\/wp\/v2\/product"}],"about":[{"href":"https:\/\/dirigocoating.pl\/it\/wp-json\/wp\/v2\/types\/product"}],"wp:featuredmedia":[{"embeddable":true,"href":"https:\/\/dirigocoating.pl\/it\/wp-json\/wp\/v2\/media\/10553"}],"wp:attachment":[{"href":"https:\/\/dirigocoating.pl\/it\/wp-json\/wp\/v2\/media?parent=12798"}],"wp:term":[{"taxonomy":"product_brand","embeddable":true,"href":"https:\/\/dirigocoating.pl\/it\/wp-json\/wp\/v2\/product_brand?post=12798"},{"taxonomy":"product_cat","embeddable":true,"href":"https:\/\/dirigocoating.pl\/it\/wp-json\/wp\/v2\/product_cat?post=12798"},{"taxonomy":"product_tag","embeddable":true,"href":"https:\/\/dirigocoating.pl\/it\/wp-json\/wp\/v2\/product_tag?post=12798"}],"curies":[{"name":"wp","href":"https:\/\/api.w.org\/{rel}","templated":true}]}}