{"id":12818,"date":"2025-06-16T08:01:51","date_gmt":"2025-06-16T08:01:51","guid":{"rendered":"https:\/\/dirigocoating.pl\/produkt\/percotop-cs162-high-temperature-putty\/"},"modified":"2026-01-14T09:13:07","modified_gmt":"2026-01-14T09:13:07","slug":"percotop-cs162-high-temperature-putty","status":"publish","type":"product","link":"https:\/\/dirigocoating.pl\/it\/prodotto\/percotop-cs162-high-temperature-putty\/","title":{"rendered":"PercoTop CS162 High Temperature Putty"},"content":{"rendered":"<p>Stucco bicomponente in tecnologia di resina poliestere insatura, progettato per superfici grandi e molto grandi grazie alla sua vita utile di 30 minuti e all&#8217;applicazione senza effetto &#8220;puntina&#8221;. Questo stucco \u00e8 resistente alle alte temperature e pu\u00f2 essere ricoperto con vernici in polvere &#8211; massimo 30 minuti a 180\u00b0C.<\/p>\n<p><strong>Propriet\u00e0<\/strong><\/p>\n<ul class=\"wp-block-list\">\n<li>PercoTop\u00ae CS162 High Temperature Putty \u00e8 uno stucco ad alta temperatura 2K a base di resine poliestere insature.<\/li>\n<li>Si caratterizza per l&#8217;alta elasticit\u00e0, la bassa porosit\u00e0 e pu\u00f2 essere ricoperto con vernici in polvere (tempo e temperatura massimi di essiccazione: 30 minuti a 180\u00b0C).<\/li>\n<li>\u00c8 facile da carteggiare e ha una lunga durata.<\/li>\n<\/ul>\n<p><a class=\"wgl-button btn-size-sm \" role=\"button\" href=\"https:\/\/dirigocoating.pl\/wp-content\/uploads\/2025\/07\/EN-CS162-1.pdf\">TDS<\/a><\/p>\n","protected":false},"excerpt":{"rendered":"<p><span>Stucco 2K in tecnologia a resina poliestere insatura<\/span><\/p>\n","protected":false},"featured_media":10187,"template":"","meta":[],"product_brand":[],"product_cat":[430],"product_tag":[496,478],"class_list":{"0":"post-12818","1":"product","2":"type-product","3":"status-publish","4":"has-post-thumbnail","6":"product_cat-veicoli-commerciali-it","7":"product_tag-cv-stucco","8":"product_tag-spachtle-it","10":"first","11":"instock","12":"shipping-taxable","13":"product-type-simple"},"_links":{"self":[{"href":"https:\/\/dirigocoating.pl\/it\/wp-json\/wp\/v2\/product\/12818"}],"collection":[{"href":"https:\/\/dirigocoating.pl\/it\/wp-json\/wp\/v2\/product"}],"about":[{"href":"https:\/\/dirigocoating.pl\/it\/wp-json\/wp\/v2\/types\/product"}],"wp:featuredmedia":[{"embeddable":true,"href":"https:\/\/dirigocoating.pl\/it\/wp-json\/wp\/v2\/media\/10187"}],"wp:attachment":[{"href":"https:\/\/dirigocoating.pl\/it\/wp-json\/wp\/v2\/media?parent=12818"}],"wp:term":[{"taxonomy":"product_brand","embeddable":true,"href":"https:\/\/dirigocoating.pl\/it\/wp-json\/wp\/v2\/product_brand?post=12818"},{"taxonomy":"product_cat","embeddable":true,"href":"https:\/\/dirigocoating.pl\/it\/wp-json\/wp\/v2\/product_cat?post=12818"},{"taxonomy":"product_tag","embeddable":true,"href":"https:\/\/dirigocoating.pl\/it\/wp-json\/wp\/v2\/product_tag?post=12818"}],"curies":[{"name":"wp","href":"https:\/\/api.w.org\/{rel}","templated":true}]}}