{"id":13056,"date":"2025-06-05T09:35:56","date_gmt":"2025-06-05T09:35:56","guid":{"rendered":"https:\/\/dirigocoating.pl\/produkt\/percotop-cs170-stucco-ignifugo\/"},"modified":"2025-06-05T09:35:56","modified_gmt":"2025-06-05T09:35:56","slug":"percotop-cs170-stucco-ignifugo","status":"publish","type":"product","link":"https:\/\/dirigocoating.pl\/it\/prodotto\/percotop-cs170-stucco-ignifugo\/","title":{"rendered":"PercoTop CS170 Stucco ignifugo"},"content":{"rendered":"<ul class=\"wp-block-list\">\n<li>PercoTop\u00ae CS170 Fire retardant Putty \u00e8 uno stucco ignifugo 2K a base di resine poliestere insature.<\/li>\n<li>Grazie al lungo tempo aperto (30-40 minuti) \u00e8 ideale per l&#8217;uso ad alte temperature ambientali e su grandi superfici.<\/li>\n<li>Si caratterizza per l&#8217;alta elasticit\u00e0, la bassa porosit\u00e0 e pu\u00f2 essere ricoperto con vernici in polvere (tempo e temperatura massimi di essiccazione: 30 minuti a 180\u00b0C).<\/li>\n<li>\u00c8 facile da carteggiare e ha una lunga durata.<\/li>\n<li>Prodotto conforme alle norme ferroviarie <strong>EN45545<\/strong><\/li>\n<li>Colore &#8211; grigio<\/li>\n<\/ul>\n<p><a class=\"wgl-button btn-size-sm \" role=\"button\" href=\"https:\/\/dirigocoating.pl\/wp-content\/uploads\/2025\/07\/EN-CS170-1.pdf\">TDS<\/a><\/p>\n","protected":false},"excerpt":{"rendered":"<p><span>PercoTop\u00ae CS170 \u00e8 uno stucco ignifugo 2K a base di resine poliestere insature. Si caratterizza per il lungo tempo aperto ed \u00e8 ideale per l&#8217;uso ad alte temperature ambientali e su grandi superfici. CS170 si distingue per l&#8217;elevata elasticit\u00e0, la bassa porosit\u00e0 e la possibilit\u00e0 di essere ricoperto con vernici in polvere. Prodotto conforme alle norme ferroviarie.    <\/span><strong>EN45545<\/strong><\/p>\n","protected":false},"featured_media":9873,"template":"","meta":[],"product_brand":[],"product_cat":[421,430],"product_tag":[496,476,478,557],"class_list":{"0":"post-13056","1":"product","2":"type-product","3":"status-publish","4":"has-post-thumbnail","6":"product_cat-ferrovia","7":"product_cat-veicoli-commerciali-it","8":"product_tag-cv-stucco","9":"product_tag-solvente","10":"product_tag-spachtle-it","11":"product_tag-stucco-rail-it","13":"first","14":"instock","15":"shipping-taxable","16":"product-type-simple"},"_links":{"self":[{"href":"https:\/\/dirigocoating.pl\/it\/wp-json\/wp\/v2\/product\/13056"}],"collection":[{"href":"https:\/\/dirigocoating.pl\/it\/wp-json\/wp\/v2\/product"}],"about":[{"href":"https:\/\/dirigocoating.pl\/it\/wp-json\/wp\/v2\/types\/product"}],"wp:featuredmedia":[{"embeddable":true,"href":"https:\/\/dirigocoating.pl\/it\/wp-json\/wp\/v2\/media\/9873"}],"wp:attachment":[{"href":"https:\/\/dirigocoating.pl\/it\/wp-json\/wp\/v2\/media?parent=13056"}],"wp:term":[{"taxonomy":"product_brand","embeddable":true,"href":"https:\/\/dirigocoating.pl\/it\/wp-json\/wp\/v2\/product_brand?post=13056"},{"taxonomy":"product_cat","embeddable":true,"href":"https:\/\/dirigocoating.pl\/it\/wp-json\/wp\/v2\/product_cat?post=13056"},{"taxonomy":"product_tag","embeddable":true,"href":"https:\/\/dirigocoating.pl\/it\/wp-json\/wp\/v2\/product_tag?post=13056"}],"curies":[{"name":"wp","href":"https:\/\/api.w.org\/{rel}","templated":true}]}}